{"id":110,"date":"2026-02-06T04:02:06","date_gmt":"2026-02-06T04:02:06","guid":{"rendered":"https:\/\/techglobal.no\/ra\/?page_id=110"},"modified":"2026-02-06T04:56:46","modified_gmt":"2026-02-06T04:56:46","slug":"fibergraving","status":"publish","type":"page","link":"https:\/\/techglobal.no\/ra\/fibergraving\/","title":{"rendered":"Fibergraving"},"content":{"rendered":"<style>.elementor-110 .elementor-element.elementor-element-41351781 > .elementor-container{max-width:1170px;}.elementor-110 .elementor-element.elementor-element-41351781:not(.elementor-motion-effects-element-type-background), .elementor-110 .elementor-element.elementor-element-41351781 > .elementor-motion-effects-container > .elementor-motion-effects-layer{background-color:var( --e-global-color-primary );}.elementor-110 .elementor-element.elementor-element-41351781{transition:background 0.3s, border 0.3s, border-radius 0.3s, box-shadow 0.3s;margin-top:-10px;margin-bottom:0px;padding:20px 0px 20px 0px;z-index:0;}.elementor-110 .elementor-element.elementor-element-41351781 > .elementor-background-overlay{transition:background 0.3s, border-radius 0.3s, opacity 0.3s;}.elementor-widget-heading .elementor-heading-title{font-family:var( --e-global-typography-primary-font-family ), Sans-serif;font-weight:var( --e-global-typography-primary-font-weight );color:var( --e-global-color-primary );}.elementor-110 .elementor-element.elementor-element-4c00bead{text-align:center;}.elementor-110 .elementor-element.elementor-element-4c00bead .elementor-heading-title{font-family:\"IBM Plex Sans\", Sans-serif;font-size:36px;font-weight:600;text-transform:none;line-height:1.2em;color:var( --e-global-color-secondary );}.elementor-110 .elementor-element.elementor-element-2bae0880 > .elementor-container{max-width:1170px;}.elementor-110 .elementor-element.elementor-element-2bae0880 > .elementor-container > .elementor-column > .elementor-widget-wrap{align-content:center;align-items:center;}.elementor-110 .elementor-element.elementor-element-2bae0880{padding:20px 0px 50px 0px;}.elementor-110 .elementor-element.elementor-element-6829e2be > .elementor-element-populated, .elementor-110 .elementor-element.elementor-element-6829e2be > .elementor-element-populated > .elementor-background-overlay, .elementor-110 .elementor-element.elementor-element-6829e2be > .elementor-background-slideshow{border-radius:10px 10px 10px 10px;}.elementor-110 .elementor-element.elementor-element-6829e2be > .elementor-element-populated{box-shadow:0px 3px 15px 0px rgba(0, 0, 0, 0.1);margin:10px 0px 0px 10px;--e-column-margin-right:0px;--e-column-margin-left:10px;padding:0px 0px 0px 0px;}.elementor-widget-image .widget-image-caption{color:var( --e-global-color-text );font-family:var( --e-global-typography-text-font-family ), Sans-serif;font-weight:var( --e-global-typography-text-font-weight );}.elementor-110 .elementor-element.elementor-element-6441e4e9 img{height:300px;object-fit:cover;object-position:bottom center;}.elementor-bc-flex-widget .elementor-110 .elementor-element.elementor-element-7afac112.elementor-column .elementor-widget-wrap{align-items:flex-start;}.elementor-110 .elementor-element.elementor-element-7afac112.elementor-column.elementor-element[data-element_type=\"column\"] > .elementor-widget-wrap.elementor-element-populated{align-content:flex-start;align-items:flex-start;}.elementor-110 .elementor-element.elementor-element-7afac112 > .elementor-element-populated, .elementor-110 .elementor-element.elementor-element-7afac112 > .elementor-element-populated > .elementor-background-overlay, .elementor-110 .elementor-element.elementor-element-7afac112 > .elementor-background-slideshow{border-radius:10px 10px 10px 10px;}.elementor-110 .elementor-element.elementor-element-7afac112 > .elementor-element-populated{box-shadow:0px 3px 15px 0px rgba(0, 0, 0, 0.1);margin:10px 20px 0px 0px;--e-column-margin-right:20px;--e-column-margin-left:0px;padding:20px 20px 20px 20px;}.elementor-widget-text-editor{font-family:var( --e-global-typography-text-font-family ), Sans-serif;font-weight:var( --e-global-typography-text-font-weight );color:var( --e-global-color-text );}.elementor-widget-text-editor.elementor-drop-cap-view-stacked .elementor-drop-cap{background-color:var( --e-global-color-primary );}.elementor-widget-text-editor.elementor-drop-cap-view-framed .elementor-drop-cap, .elementor-widget-text-editor.elementor-drop-cap-view-default .elementor-drop-cap{color:var( --e-global-color-primary );border-color:var( --e-global-color-primary );}.elementor-110 .elementor-element.elementor-element-12d34e16{font-family:\"Heebo\", Sans-serif;font-size:16px;font-weight:700;line-height:1.5em;color:#050505;}@media(max-width:1024px){.elementor-110 .elementor-element.elementor-element-41351781{margin-top:0px;margin-bottom:0px;padding:210px 0px 140px 0px;}.elementor-110 .elementor-element.elementor-element-2bae0880{padding:80px 10px 60px 10px;}}@media(max-width:767px){.elementor-110 .elementor-element.elementor-element-41351781{margin-top:0px;margin-bottom:0px;padding:152px 10px 80px 10px;}.elementor-110 .elementor-element.elementor-element-4c00bead .elementor-heading-title{font-size:24px;}.elementor-110 .elementor-element.elementor-element-2bae0880{padding:40px 10px 40px 10px;}.elementor-110 .elementor-element.elementor-element-12d34e16{font-size:14px;}}@media(min-width:768px){.elementor-110 .elementor-element.elementor-element-6829e2be{width:40%;}.elementor-110 .elementor-element.elementor-element-7afac112{width:60%;}}@media(max-width:1024px) and (min-width:768px){.elementor-110 .elementor-element.elementor-element-6829e2be{width:100%;}.elementor-110 .elementor-element.elementor-element-7afac112{width:100%;}}<\/style>\t\t<div data-elementor-type=\"wp-page\" data-elementor-id=\"110\" class=\"elementor elementor-110\">\n\t\t\t\t\t\t<section class=\"elementor-section elementor-top-section elementor-element elementor-element-41351781 elementor-section-boxed elementor-section-height-default elementor-section-height-default\" data-id=\"41351781\" data-element_type=\"section\" data-e-type=\"section\" data-settings=\"{&quot;background_background&quot;:&quot;classic&quot;}\">\n\t\t\t\t\t\t<div class=\"elementor-container elementor-column-gap-default\">\n\t\t\t\t\t<div class=\"elementor-column elementor-col-100 elementor-top-column elementor-element elementor-element-6806ee\" data-id=\"6806ee\" data-element_type=\"column\" data-e-type=\"column\">\n\t\t\t<div class=\"elementor-widget-wrap elementor-element-populated\">\n\t\t\t\t\t\t<div class=\"elementor-element elementor-element-4c00bead elementor-widget elementor-widget-heading\" data-id=\"4c00bead\" data-element_type=\"widget\" data-e-type=\"widget\" data-widget_type=\"heading.default\">\n\t\t\t\t\t<h2 class=\"elementor-heading-title elementor-size-default\">Fibergraving<\/h2>\t\t\t\t<\/div>\n\t\t\t\t\t<\/div>\n\t\t<\/div>\n\t\t\t\t\t<\/div>\n\t\t<\/section>\n\t\t\t\t<section class=\"elementor-section elementor-top-section elementor-element elementor-element-2bae0880 elementor-section-content-middle elementor-section-boxed elementor-section-height-default elementor-section-height-default\" data-id=\"2bae0880\" data-element_type=\"section\" data-e-type=\"section\">\n\t\t\t\t\t\t<div class=\"elementor-container elementor-column-gap-default\">\n\t\t\t\t\t<div class=\"elementor-column elementor-col-50 elementor-top-column elementor-element elementor-element-6829e2be\" data-id=\"6829e2be\" data-element_type=\"column\" data-e-type=\"column\">\n\t\t\t<div class=\"elementor-widget-wrap elementor-element-populated\">\n\t\t\t\t\t\t<div class=\"elementor-element elementor-element-6441e4e9 elementor-widget elementor-widget-image\" data-id=\"6441e4e9\" data-element_type=\"widget\" data-e-type=\"widget\" data-widget_type=\"image.default\">\n\t\t\t\t\t\t\t\t\t\t\t\t\t\t\t<img fetchpriority=\"high\" decoding=\"async\" width=\"768\" height=\"1024\" src=\"https:\/\/techglobal.no\/ra\/wp-content\/uploads\/2026\/02\/fibergraving-768x1024.jpg\" class=\"attachment-large size-large wp-image-31\" alt=\"\" srcset=\"https:\/\/techglobal.no\/ra\/wp-content\/uploads\/2026\/02\/fibergraving-768x1024.jpg 768w, https:\/\/techglobal.no\/ra\/wp-content\/uploads\/2026\/02\/fibergraving-225x300.jpg 225w, https:\/\/techglobal.no\/ra\/wp-content\/uploads\/2026\/02\/fibergraving-1152x1536.jpg 1152w, https:\/\/techglobal.no\/ra\/wp-content\/uploads\/2026\/02\/fibergraving.jpg 1536w\" sizes=\"(max-width: 768px) 100vw, 768px\" \/>\t\t\t\t\t\t\t\t\t\t\t\t\t\t\t<\/div>\n\t\t\t\t\t<\/div>\n\t\t<\/div>\n\t\t\t\t<div class=\"elementor-column elementor-col-50 elementor-top-column elementor-element elementor-element-7afac112\" data-id=\"7afac112\" data-element_type=\"column\" data-e-type=\"column\">\n\t\t\t<div class=\"elementor-widget-wrap elementor-element-populated\">\n\t\t\t\t\t\t<div class=\"elementor-element elementor-element-12d34e16 elementor-widget elementor-widget-text-editor\" data-id=\"12d34e16\" data-element_type=\"widget\" data-e-type=\"widget\" data-widget_type=\"text-editor.default\">\n\t\t\t\t\t\t\t\t\t<p>Vi utf\u00f8rer fibergraving for utbygging av bredb\u00e5nd og fiberinfrastruktur til private, n\u00e6ring og offentlige oppdragsgivere. Med riktig utstyr og erfarne fagfolk leverer vi effektive og sk\u00e5nsomme l\u00f8sninger med fokus p\u00e5 n\u00f8yaktighet, fremdrift og kvalitet.<\/p><p>Vi h\u00e5ndterer hele prosessen fra gr\u00f8ftearbeid til klargj\u00f8ring for trekking av fiber, og s\u00f8rger for ryddig utf\u00f8relse og god koordinering med \u00f8vrige akt\u00f8rer i prosjektet.<\/p>\t\t\t\t\t\t\t\t<\/div>\n\t\t\t\t\t<\/div>\n\t\t<\/div>\n\t\t\t\t\t<\/div>\n\t\t<\/section>\n\t\t\t\t<\/div>\n\t\t\n    <div class=\"xs_social_share_widget xs_share_url after_content \t\tmain_content  wslu-style-1 wslu-share-box-shaped wslu-fill-colored wslu-none wslu-share-horizontal wslu-theme-font-no wslu-main_content\">\n\n\t\t\n        <ul>\n\t\t\t        <\/ul>\n    <\/div> \n","protected":false},"excerpt":{"rendered":"<p>Fibergraving Vi utf\u00f8rer fibergraving for utbygging av bredb\u00e5nd og fiberinfrastruktur til private, n\u00e6ring og offentlige oppdragsgivere. Med riktig utstyr og erfarne fagfolk leverer vi effektive og sk\u00e5nsomme l\u00f8sninger med fokus p\u00e5 n\u00f8yaktighet, fremdrift og kvalitet. Vi h\u00e5ndterer hele prosessen fra gr\u00f8ftearbeid til klargj\u00f8ring for trekking av fiber, og s\u00f8rger for ryddig utf\u00f8relse og god koordinering [&hellip;]<\/p>\n","protected":false},"author":1,"featured_media":0,"parent":0,"menu_order":0,"comment_status":"closed","ping_status":"closed","template":"","meta":{"postBodyCss":"","postBodyMargin":[],"postBodyPadding":[],"postBodyBackground":{"backgroundType":"classic","gradient":""},"footnotes":""},"class_list":["post-110","page","type-page","status-publish","hentry"],"_links":{"self":[{"href":"https:\/\/techglobal.no\/ra\/wp-json\/wp\/v2\/pages\/110","targetHints":{"allow":["GET"]}}],"collection":[{"href":"https:\/\/techglobal.no\/ra\/wp-json\/wp\/v2\/pages"}],"about":[{"href":"https:\/\/techglobal.no\/ra\/wp-json\/wp\/v2\/types\/page"}],"author":[{"embeddable":true,"href":"https:\/\/techglobal.no\/ra\/wp-json\/wp\/v2\/users\/1"}],"replies":[{"embeddable":true,"href":"https:\/\/techglobal.no\/ra\/wp-json\/wp\/v2\/comments?post=110"}],"version-history":[{"count":10,"href":"https:\/\/techglobal.no\/ra\/wp-json\/wp\/v2\/pages\/110\/revisions"}],"predecessor-version":[{"id":215,"href":"https:\/\/techglobal.no\/ra\/wp-json\/wp\/v2\/pages\/110\/revisions\/215"}],"wp:attachment":[{"href":"https:\/\/techglobal.no\/ra\/wp-json\/wp\/v2\/media?parent=110"}],"curies":[{"name":"wp","href":"https:\/\/api.w.org\/{rel}","templated":true}]}}