{"id":116,"date":"2026-02-06T04:04:33","date_gmt":"2026-02-06T04:04:33","guid":{"rendered":"https:\/\/techglobal.no\/ra\/?page_id=116"},"modified":"2026-02-06T12:47:41","modified_gmt":"2026-02-06T12:47:41","slug":"stoping","status":"publish","type":"page","link":"https:\/\/techglobal.no\/ra\/stoping\/","title":{"rendered":"St\u00f8ping"},"content":{"rendered":"<style>.elementor-116 .elementor-element.elementor-element-76727a35 > .elementor-container{max-width:1170px;}.elementor-116 .elementor-element.elementor-element-76727a35:not(.elementor-motion-effects-element-type-background), .elementor-116 .elementor-element.elementor-element-76727a35 > .elementor-motion-effects-container > .elementor-motion-effects-layer{background-color:var( --e-global-color-primary );}.elementor-116 .elementor-element.elementor-element-76727a35{transition:background 0.3s, border 0.3s, border-radius 0.3s, box-shadow 0.3s;margin-top:-10px;margin-bottom:0px;padding:20px 0px 20px 0px;z-index:0;}.elementor-116 .elementor-element.elementor-element-76727a35 > .elementor-background-overlay{transition:background 0.3s, border-radius 0.3s, opacity 0.3s;}.elementor-widget-heading .elementor-heading-title{font-family:var( --e-global-typography-primary-font-family ), Sans-serif;font-weight:var( --e-global-typography-primary-font-weight );color:var( --e-global-color-primary );}.elementor-116 .elementor-element.elementor-element-7bffe455{text-align:center;}.elementor-116 .elementor-element.elementor-element-7bffe455 .elementor-heading-title{font-family:\"IBM Plex Sans\", Sans-serif;font-size:36px;font-weight:600;text-transform:none;line-height:1.2em;color:var( --e-global-color-secondary );}.elementor-116 .elementor-element.elementor-element-452743a5 > .elementor-container{max-width:1170px;}.elementor-116 .elementor-element.elementor-element-452743a5 > .elementor-container > .elementor-column > .elementor-widget-wrap{align-content:center;align-items:center;}.elementor-116 .elementor-element.elementor-element-452743a5{padding:20px 0px 50px 0px;}.elementor-116 .elementor-element.elementor-element-70017802 > .elementor-element-populated, .elementor-116 .elementor-element.elementor-element-70017802 > .elementor-element-populated > .elementor-background-overlay, .elementor-116 .elementor-element.elementor-element-70017802 > .elementor-background-slideshow{border-radius:10px 10px 10px 10px;}.elementor-116 .elementor-element.elementor-element-70017802 > .elementor-element-populated{box-shadow:0px 3px 15px 0px rgba(0, 0, 0, 0.1);margin:10px 0px 0px 10px;--e-column-margin-right:0px;--e-column-margin-left:10px;padding:0px 0px 0px 0px;}.elementor-widget-image .widget-image-caption{color:var( --e-global-color-text );font-family:var( --e-global-typography-text-font-family ), Sans-serif;font-weight:var( --e-global-typography-text-font-weight );}.elementor-116 .elementor-element.elementor-element-33b4460b img{height:400px;object-fit:cover;object-position:center center;}.elementor-bc-flex-widget .elementor-116 .elementor-element.elementor-element-13f4cae8.elementor-column .elementor-widget-wrap{align-items:flex-start;}.elementor-116 .elementor-element.elementor-element-13f4cae8.elementor-column.elementor-element[data-element_type=\"column\"] > .elementor-widget-wrap.elementor-element-populated{align-content:flex-start;align-items:flex-start;}.elementor-116 .elementor-element.elementor-element-13f4cae8 > .elementor-element-populated, .elementor-116 .elementor-element.elementor-element-13f4cae8 > .elementor-element-populated > .elementor-background-overlay, .elementor-116 .elementor-element.elementor-element-13f4cae8 > .elementor-background-slideshow{border-radius:10px 10px 10px 10px;}.elementor-116 .elementor-element.elementor-element-13f4cae8 > .elementor-element-populated{box-shadow:0px 3px 15px 0px rgba(0, 0, 0, 0.1);margin:10px 20px 0px 0px;--e-column-margin-right:20px;--e-column-margin-left:0px;padding:20px 20px 20px 20px;}.elementor-widget-text-editor{font-family:var( --e-global-typography-text-font-family ), Sans-serif;font-weight:var( --e-global-typography-text-font-weight );color:var( --e-global-color-text );}.elementor-widget-text-editor.elementor-drop-cap-view-stacked .elementor-drop-cap{background-color:var( --e-global-color-primary );}.elementor-widget-text-editor.elementor-drop-cap-view-framed .elementor-drop-cap, .elementor-widget-text-editor.elementor-drop-cap-view-default .elementor-drop-cap{color:var( --e-global-color-primary );border-color:var( --e-global-color-primary );}.elementor-116 .elementor-element.elementor-element-1c22a313{font-family:\"Heebo\", Sans-serif;font-size:16px;font-weight:700;line-height:1.5em;color:#050505;}@media(max-width:1024px){.elementor-116 .elementor-element.elementor-element-76727a35{margin-top:0px;margin-bottom:0px;padding:210px 0px 140px 0px;}.elementor-116 .elementor-element.elementor-element-452743a5{padding:80px 10px 60px 10px;}}@media(max-width:767px){.elementor-116 .elementor-element.elementor-element-76727a35{margin-top:0px;margin-bottom:0px;padding:152px 10px 80px 10px;}.elementor-116 .elementor-element.elementor-element-7bffe455 .elementor-heading-title{font-size:24px;}.elementor-116 .elementor-element.elementor-element-452743a5{padding:40px 10px 40px 10px;}.elementor-116 .elementor-element.elementor-element-1c22a313{font-size:14px;}}@media(min-width:768px){.elementor-116 .elementor-element.elementor-element-70017802{width:40%;}.elementor-116 .elementor-element.elementor-element-13f4cae8{width:60%;}}@media(max-width:1024px) and (min-width:768px){.elementor-116 .elementor-element.elementor-element-70017802{width:100%;}.elementor-116 .elementor-element.elementor-element-13f4cae8{width:100%;}}<\/style>\t\t<div data-elementor-type=\"wp-page\" data-elementor-id=\"116\" class=\"elementor elementor-116\">\n\t\t\t\t\t\t<section class=\"elementor-section elementor-top-section elementor-element elementor-element-76727a35 elementor-section-boxed elementor-section-height-default elementor-section-height-default\" data-id=\"76727a35\" data-element_type=\"section\" data-e-type=\"section\" data-settings=\"{&quot;background_background&quot;:&quot;classic&quot;}\">\n\t\t\t\t\t\t<div class=\"elementor-container elementor-column-gap-default\">\n\t\t\t\t\t<div class=\"elementor-column elementor-col-100 elementor-top-column elementor-element elementor-element-3758bc54\" data-id=\"3758bc54\" data-element_type=\"column\" data-e-type=\"column\">\n\t\t\t<div class=\"elementor-widget-wrap elementor-element-populated\">\n\t\t\t\t\t\t<div class=\"elementor-element elementor-element-7bffe455 elementor-widget elementor-widget-heading\" data-id=\"7bffe455\" data-element_type=\"widget\" data-e-type=\"widget\" data-widget_type=\"heading.default\">\n\t\t\t\t\t<h2 class=\"elementor-heading-title elementor-size-default\">St\u00f8ping<\/h2>\t\t\t\t<\/div>\n\t\t\t\t\t<\/div>\n\t\t<\/div>\n\t\t\t\t\t<\/div>\n\t\t<\/section>\n\t\t\t\t<section class=\"elementor-section elementor-top-section elementor-element elementor-element-452743a5 elementor-section-content-middle elementor-section-boxed elementor-section-height-default elementor-section-height-default\" data-id=\"452743a5\" data-element_type=\"section\" data-e-type=\"section\">\n\t\t\t\t\t\t<div class=\"elementor-container elementor-column-gap-default\">\n\t\t\t\t\t<div class=\"elementor-column elementor-col-50 elementor-top-column elementor-element elementor-element-70017802\" data-id=\"70017802\" data-element_type=\"column\" data-e-type=\"column\">\n\t\t\t<div class=\"elementor-widget-wrap elementor-element-populated\">\n\t\t\t\t\t\t<div class=\"elementor-element elementor-element-33b4460b elementor-widget elementor-widget-image\" data-id=\"33b4460b\" data-element_type=\"widget\" data-e-type=\"widget\" data-widget_type=\"image.default\">\n\t\t\t\t\t\t\t\t\t\t\t\t\t\t\t<img fetchpriority=\"high\" decoding=\"async\" width=\"800\" height=\"600\" src=\"https:\/\/techglobal.no\/ra\/wp-content\/uploads\/2026\/02\/stoping-1.jpg\" class=\"attachment-large size-large wp-image-243\" alt=\"\" srcset=\"https:\/\/techglobal.no\/ra\/wp-content\/uploads\/2026\/02\/stoping-1.jpg 900w, https:\/\/techglobal.no\/ra\/wp-content\/uploads\/2026\/02\/stoping-1-300x225.jpg 300w, https:\/\/techglobal.no\/ra\/wp-content\/uploads\/2026\/02\/stoping-1-768x576.jpg 768w\" sizes=\"(max-width: 800px) 100vw, 800px\" \/>\t\t\t\t\t\t\t\t\t\t\t\t\t\t\t<\/div>\n\t\t\t\t\t<\/div>\n\t\t<\/div>\n\t\t\t\t<div class=\"elementor-column elementor-col-50 elementor-top-column elementor-element elementor-element-13f4cae8\" data-id=\"13f4cae8\" data-element_type=\"column\" data-e-type=\"column\">\n\t\t\t<div class=\"elementor-widget-wrap elementor-element-populated\">\n\t\t\t\t\t\t<div class=\"elementor-element elementor-element-1c22a313 elementor-widget elementor-widget-text-editor\" data-id=\"1c22a313\" data-element_type=\"widget\" data-e-type=\"widget\" data-widget_type=\"text-editor.default\">\n\t\t\t\t\t\t\t\t\t<p>Vi utf\u00f8rer st\u00f8pearbeid for private, n\u00e6ring og offentlige oppdragsgivere.<br \/>Med solid fagkunnskap og fokus p\u00e5 kvalitet leverer vi varige<br \/>betongl\u00f8sninger som t\u00e5ler b\u00e5de tid og belastning.<\/p><p>Vi tar ansvar for hele prosessen \u2013 fra grunnarbeid og forskaling til<br \/>st\u00f8ping og ferdig overflate \u2013 og s\u00f8rger for n\u00f8yaktig utf\u00f8relse i tr\u00e5d<br \/>med gjeldende krav og standarder.<\/p><p>Tjenestene vi utf\u00f8rer<\/p><p>-St\u00f8ping av fundament og s\u00e5ler<br \/>-Plate p\u00e5 mark<br \/>-St\u00f8ttemurer og betongkonstruksjoner<br \/>-Trapper og utvendige betongarbeider<br \/>-Gulv og dekker<\/p>\t\t\t\t\t\t\t\t<\/div>\n\t\t\t\t\t<\/div>\n\t\t<\/div>\n\t\t\t\t\t<\/div>\n\t\t<\/section>\n\t\t\t\t<\/div>\n\t\t\n    <div class=\"xs_social_share_widget xs_share_url after_content \t\tmain_content  wslu-style-1 wslu-share-box-shaped wslu-fill-colored wslu-none wslu-share-horizontal wslu-theme-font-no wslu-main_content\">\n\n\t\t\n        <ul>\n\t\t\t        <\/ul>\n    <\/div> \n","protected":false},"excerpt":{"rendered":"<p>St\u00f8ping Vi utf\u00f8rer st\u00f8pearbeid for private, n\u00e6ring og offentlige oppdragsgivere.Med solid fagkunnskap og fokus p\u00e5 kvalitet leverer vi varigebetongl\u00f8sninger som t\u00e5ler b\u00e5de tid og belastning. Vi tar ansvar for hele prosessen \u2013 fra grunnarbeid og forskaling tilst\u00f8ping og ferdig overflate \u2013 og s\u00f8rger for n\u00f8yaktig utf\u00f8relse i tr\u00e5dmed gjeldende krav og standarder. Tjenestene vi utf\u00f8rer [&hellip;]<\/p>\n","protected":false},"author":1,"featured_media":0,"parent":0,"menu_order":0,"comment_status":"closed","ping_status":"closed","template":"","meta":{"postBodyCss":"","postBodyMargin":[],"postBodyPadding":[],"postBodyBackground":{"backgroundType":"classic","gradient":""},"footnotes":""},"class_list":["post-116","page","type-page","status-publish","hentry"],"_links":{"self":[{"href":"https:\/\/techglobal.no\/ra\/wp-json\/wp\/v2\/pages\/116","targetHints":{"allow":["GET"]}}],"collection":[{"href":"https:\/\/techglobal.no\/ra\/wp-json\/wp\/v2\/pages"}],"about":[{"href":"https:\/\/techglobal.no\/ra\/wp-json\/wp\/v2\/types\/page"}],"author":[{"embeddable":true,"href":"https:\/\/techglobal.no\/ra\/wp-json\/wp\/v2\/users\/1"}],"replies":[{"embeddable":true,"href":"https:\/\/techglobal.no\/ra\/wp-json\/wp\/v2\/comments?post=116"}],"version-history":[{"count":10,"href":"https:\/\/techglobal.no\/ra\/wp-json\/wp\/v2\/pages\/116\/revisions"}],"predecessor-version":[{"id":252,"href":"https:\/\/techglobal.no\/ra\/wp-json\/wp\/v2\/pages\/116\/revisions\/252"}],"wp:attachment":[{"href":"https:\/\/techglobal.no\/ra\/wp-json\/wp\/v2\/media?parent=116"}],"curies":[{"name":"wp","href":"https:\/\/api.w.org\/{rel}","templated":true}]}}