{"id":122,"date":"2026-02-06T04:06:29","date_gmt":"2026-02-06T04:06:29","guid":{"rendered":"https:\/\/techglobal.no\/ra\/?page_id=122"},"modified":"2026-02-06T13:02:28","modified_gmt":"2026-02-06T13:02:28","slug":"betongsaging-og-kjerneboring","status":"publish","type":"page","link":"https:\/\/techglobal.no\/ra\/betongsaging-og-kjerneboring\/","title":{"rendered":"Betongsaging og kjerneboring"},"content":{"rendered":"<style>.elementor-122 .elementor-element.elementor-element-49053eb0 > .elementor-container{max-width:1170px;}.elementor-122 .elementor-element.elementor-element-49053eb0:not(.elementor-motion-effects-element-type-background), .elementor-122 .elementor-element.elementor-element-49053eb0 > .elementor-motion-effects-container > .elementor-motion-effects-layer{background-color:var( --e-global-color-primary );}.elementor-122 .elementor-element.elementor-element-49053eb0{transition:background 0.3s, border 0.3s, border-radius 0.3s, box-shadow 0.3s;margin-top:-10px;margin-bottom:0px;padding:20px 0px 20px 0px;z-index:0;}.elementor-122 .elementor-element.elementor-element-49053eb0 > .elementor-background-overlay{transition:background 0.3s, border-radius 0.3s, opacity 0.3s;}.elementor-widget-heading .elementor-heading-title{font-family:var( --e-global-typography-primary-font-family ), Sans-serif;font-weight:var( --e-global-typography-primary-font-weight );color:var( --e-global-color-primary );}.elementor-122 .elementor-element.elementor-element-7083028f{text-align:center;}.elementor-122 .elementor-element.elementor-element-7083028f .elementor-heading-title{font-family:\"IBM Plex Sans\", Sans-serif;font-size:36px;font-weight:600;text-transform:none;line-height:1.2em;color:var( --e-global-color-secondary );}.elementor-122 .elementor-element.elementor-element-4cccff42 > .elementor-container{max-width:1170px;}.elementor-122 .elementor-element.elementor-element-4cccff42 > .elementor-container > .elementor-column > .elementor-widget-wrap{align-content:center;align-items:center;}.elementor-122 .elementor-element.elementor-element-4cccff42{padding:20px 0px 50px 0px;}.elementor-122 .elementor-element.elementor-element-5594a035 > .elementor-element-populated, .elementor-122 .elementor-element.elementor-element-5594a035 > .elementor-element-populated > .elementor-background-overlay, .elementor-122 .elementor-element.elementor-element-5594a035 > .elementor-background-slideshow{border-radius:10px 10px 10px 10px;}.elementor-122 .elementor-element.elementor-element-5594a035 > .elementor-element-populated{box-shadow:0px 3px 15px 0px rgba(0, 0, 0, 0.1);margin:10px 0px 0px 10px;--e-column-margin-right:0px;--e-column-margin-left:10px;padding:0px 0px 0px 0px;}.elementor-widget-image .widget-image-caption{color:var( --e-global-color-text );font-family:var( --e-global-typography-text-font-family ), Sans-serif;font-weight:var( --e-global-typography-text-font-weight );}.elementor-122 .elementor-element.elementor-element-e99aa11 img{height:400px;object-fit:cover;object-position:center center;}.elementor-bc-flex-widget .elementor-122 .elementor-element.elementor-element-391991f7.elementor-column .elementor-widget-wrap{align-items:flex-start;}.elementor-122 .elementor-element.elementor-element-391991f7.elementor-column.elementor-element[data-element_type=\"column\"] > .elementor-widget-wrap.elementor-element-populated{align-content:flex-start;align-items:flex-start;}.elementor-122 .elementor-element.elementor-element-391991f7 > .elementor-element-populated, .elementor-122 .elementor-element.elementor-element-391991f7 > .elementor-element-populated > .elementor-background-overlay, .elementor-122 .elementor-element.elementor-element-391991f7 > .elementor-background-slideshow{border-radius:10px 10px 10px 10px;}.elementor-122 .elementor-element.elementor-element-391991f7 > .elementor-element-populated{box-shadow:0px 3px 15px 0px rgba(0, 0, 0, 0.1);margin:10px 20px 0px 0px;--e-column-margin-right:20px;--e-column-margin-left:0px;padding:20px 20px 20px 20px;}.elementor-widget-text-editor{font-family:var( --e-global-typography-text-font-family ), Sans-serif;font-weight:var( --e-global-typography-text-font-weight );color:var( --e-global-color-text );}.elementor-widget-text-editor.elementor-drop-cap-view-stacked .elementor-drop-cap{background-color:var( --e-global-color-primary );}.elementor-widget-text-editor.elementor-drop-cap-view-framed .elementor-drop-cap, .elementor-widget-text-editor.elementor-drop-cap-view-default .elementor-drop-cap{color:var( --e-global-color-primary );border-color:var( --e-global-color-primary );}.elementor-122 .elementor-element.elementor-element-7edcee6d{font-family:\"Heebo\", Sans-serif;font-size:16px;font-weight:700;line-height:1.5em;color:#050505;}@media(max-width:1024px){.elementor-122 .elementor-element.elementor-element-49053eb0{margin-top:0px;margin-bottom:0px;padding:210px 0px 140px 0px;}.elementor-122 .elementor-element.elementor-element-4cccff42{padding:80px 10px 60px 10px;}}@media(max-width:767px){.elementor-122 .elementor-element.elementor-element-49053eb0{margin-top:0px;margin-bottom:0px;padding:152px 10px 80px 10px;}.elementor-122 .elementor-element.elementor-element-7083028f .elementor-heading-title{font-size:24px;}.elementor-122 .elementor-element.elementor-element-4cccff42{padding:40px 10px 40px 10px;}.elementor-122 .elementor-element.elementor-element-7edcee6d{font-size:14px;}}@media(min-width:768px){.elementor-122 .elementor-element.elementor-element-5594a035{width:40%;}.elementor-122 .elementor-element.elementor-element-391991f7{width:60%;}}@media(max-width:1024px) and (min-width:768px){.elementor-122 .elementor-element.elementor-element-5594a035{width:100%;}.elementor-122 .elementor-element.elementor-element-391991f7{width:100%;}}<\/style>\t\t<div data-elementor-type=\"wp-page\" data-elementor-id=\"122\" class=\"elementor elementor-122\">\n\t\t\t\t\t\t<section class=\"elementor-section elementor-top-section elementor-element elementor-element-49053eb0 elementor-section-boxed elementor-section-height-default elementor-section-height-default\" data-id=\"49053eb0\" data-element_type=\"section\" data-e-type=\"section\" data-settings=\"{&quot;background_background&quot;:&quot;classic&quot;}\">\n\t\t\t\t\t\t<div class=\"elementor-container elementor-column-gap-default\">\n\t\t\t\t\t<div class=\"elementor-column elementor-col-100 elementor-top-column elementor-element elementor-element-4f19ed55\" data-id=\"4f19ed55\" data-element_type=\"column\" data-e-type=\"column\">\n\t\t\t<div class=\"elementor-widget-wrap elementor-element-populated\">\n\t\t\t\t\t\t<div class=\"elementor-element elementor-element-7083028f elementor-widget elementor-widget-heading\" data-id=\"7083028f\" data-element_type=\"widget\" data-e-type=\"widget\" data-widget_type=\"heading.default\">\n\t\t\t\t\t<h2 class=\"elementor-heading-title elementor-size-default\">Betongsaging og kjerneboring<\/h2>\t\t\t\t<\/div>\n\t\t\t\t\t<\/div>\n\t\t<\/div>\n\t\t\t\t\t<\/div>\n\t\t<\/section>\n\t\t\t\t<section class=\"elementor-section elementor-top-section elementor-element elementor-element-4cccff42 elementor-section-content-middle elementor-section-boxed elementor-section-height-default elementor-section-height-default\" data-id=\"4cccff42\" data-element_type=\"section\" data-e-type=\"section\">\n\t\t\t\t\t\t<div class=\"elementor-container elementor-column-gap-default\">\n\t\t\t\t\t<div class=\"elementor-column elementor-col-50 elementor-top-column elementor-element elementor-element-5594a035\" data-id=\"5594a035\" data-element_type=\"column\" data-e-type=\"column\">\n\t\t\t<div class=\"elementor-widget-wrap elementor-element-populated\">\n\t\t\t\t\t\t<div class=\"elementor-element elementor-element-e99aa11 elementor-widget elementor-widget-image\" data-id=\"e99aa11\" data-element_type=\"widget\" data-e-type=\"widget\" data-widget_type=\"image.default\">\n\t\t\t\t\t\t\t\t\t\t\t\t\t\t\t<img fetchpriority=\"high\" decoding=\"async\" width=\"640\" height=\"427\" src=\"https:\/\/techglobal.no\/ra\/wp-content\/uploads\/2026\/02\/betongsaging.jpg\" class=\"attachment-large size-large wp-image-28\" alt=\"\" srcset=\"https:\/\/techglobal.no\/ra\/wp-content\/uploads\/2026\/02\/betongsaging.jpg 640w, https:\/\/techglobal.no\/ra\/wp-content\/uploads\/2026\/02\/betongsaging-300x200.jpg 300w\" sizes=\"(max-width: 640px) 100vw, 640px\" \/>\t\t\t\t\t\t\t\t\t\t\t\t\t\t\t<\/div>\n\t\t\t\t\t<\/div>\n\t\t<\/div>\n\t\t\t\t<div class=\"elementor-column elementor-col-50 elementor-top-column elementor-element elementor-element-391991f7\" data-id=\"391991f7\" data-element_type=\"column\" data-e-type=\"column\">\n\t\t\t<div class=\"elementor-widget-wrap elementor-element-populated\">\n\t\t\t\t\t\t<div class=\"elementor-element elementor-element-7edcee6d elementor-widget elementor-widget-text-editor\" data-id=\"7edcee6d\" data-element_type=\"widget\" data-e-type=\"widget\" data-widget_type=\"text-editor.default\">\n\t\t\t\t\t\t\t\t\t<p>Vi tilbyr presis betongsaging og kjerneboring for private, n\u00e6ring og<br \/>offentlige oppdragsgivere. Med moderne utstyr og h\u00f8y fagkompetanse<br \/>utf\u00f8rer vi arbeid effektivt, sk\u00e5nsomt og med stor n\u00f8yaktighet \u2013 ogs\u00e5 i<br \/>krevende konstruksjoner.<\/p><p>Tjenestene tilpasses b\u00e5de nybygg og rehabilitering, og vi s\u00f8rger for<br \/>trygge arbeidsmetoder og ryddig gjennomf\u00f8ring fra start til ferdig<br \/>arbeid.<\/p><p>V\u00e5re tjenester innkluderer<br \/>-Saging i betong, armert betong og mur<br \/>-Kjerneboring for r\u00f8r, ventilasjon og kabler<br \/>-Utsparinger for d\u00f8rer og vinduer<br \/>-Gulv-, vegg- og dekksaging<br \/>-Presisjonsarbeid ved ombygging og rehabilitering<\/p>\t\t\t\t\t\t\t\t<\/div>\n\t\t\t\t\t<\/div>\n\t\t<\/div>\n\t\t\t\t\t<\/div>\n\t\t<\/section>\n\t\t\t\t<\/div>\n\t\t\n    <div class=\"xs_social_share_widget xs_share_url after_content \t\tmain_content  wslu-style-1 wslu-share-box-shaped wslu-fill-colored wslu-none wslu-share-horizontal wslu-theme-font-no wslu-main_content\">\n\n\t\t\n        <ul>\n\t\t\t        <\/ul>\n    <\/div> \n","protected":false},"excerpt":{"rendered":"<p>Betongsaging og kjerneboring Vi tilbyr presis betongsaging og kjerneboring for private, n\u00e6ring ogoffentlige oppdragsgivere. Med moderne utstyr og h\u00f8y fagkompetanseutf\u00f8rer vi arbeid effektivt, sk\u00e5nsomt og med stor n\u00f8yaktighet \u2013 ogs\u00e5 ikrevende konstruksjoner. Tjenestene tilpasses b\u00e5de nybygg og rehabilitering, og vi s\u00f8rger fortrygge arbeidsmetoder og ryddig gjennomf\u00f8ring fra start til ferdigarbeid. V\u00e5re tjenester innkluderer-Saging i betong, [&hellip;]<\/p>\n","protected":false},"author":1,"featured_media":0,"parent":0,"menu_order":0,"comment_status":"closed","ping_status":"closed","template":"","meta":{"postBodyCss":"","postBodyMargin":[],"postBodyPadding":[],"postBodyBackground":{"backgroundType":"classic","gradient":""},"footnotes":""},"class_list":["post-122","page","type-page","status-publish","hentry"],"_links":{"self":[{"href":"https:\/\/techglobal.no\/ra\/wp-json\/wp\/v2\/pages\/122","targetHints":{"allow":["GET"]}}],"collection":[{"href":"https:\/\/techglobal.no\/ra\/wp-json\/wp\/v2\/pages"}],"about":[{"href":"https:\/\/techglobal.no\/ra\/wp-json\/wp\/v2\/types\/page"}],"author":[{"embeddable":true,"href":"https:\/\/techglobal.no\/ra\/wp-json\/wp\/v2\/users\/1"}],"replies":[{"embeddable":true,"href":"https:\/\/techglobal.no\/ra\/wp-json\/wp\/v2\/comments?post=122"}],"version-history":[{"count":7,"href":"https:\/\/techglobal.no\/ra\/wp-json\/wp\/v2\/pages\/122\/revisions"}],"predecessor-version":[{"id":261,"href":"https:\/\/techglobal.no\/ra\/wp-json\/wp\/v2\/pages\/122\/revisions\/261"}],"wp:attachment":[{"href":"https:\/\/techglobal.no\/ra\/wp-json\/wp\/v2\/media?parent=122"}],"curies":[{"name":"wp","href":"https:\/\/api.w.org\/{rel}","templated":true}]}}