{"id":131,"date":"2026-02-06T04:09:11","date_gmt":"2026-02-06T04:09:11","guid":{"rendered":"https:\/\/techglobal.no\/ra\/?page_id=131"},"modified":"2026-02-06T04:13:20","modified_gmt":"2026-02-06T04:13:20","slug":"armering","status":"publish","type":"page","link":"https:\/\/techglobal.no\/ra\/armering\/","title":{"rendered":"Armering"},"content":{"rendered":"<style>.elementor-131 .elementor-element.elementor-element-610ce05a > .elementor-container{max-width:1170px;}.elementor-131 .elementor-element.elementor-element-610ce05a:not(.elementor-motion-effects-element-type-background), .elementor-131 .elementor-element.elementor-element-610ce05a > .elementor-motion-effects-container > .elementor-motion-effects-layer{background-color:var( --e-global-color-primary );}.elementor-131 .elementor-element.elementor-element-610ce05a{transition:background 0.3s, border 0.3s, border-radius 0.3s, box-shadow 0.3s;margin-top:-10px;margin-bottom:0px;padding:20px 0px 20px 0px;z-index:0;}.elementor-131 .elementor-element.elementor-element-610ce05a > .elementor-background-overlay{transition:background 0.3s, border-radius 0.3s, opacity 0.3s;}.elementor-widget-heading .elementor-heading-title{font-family:var( --e-global-typography-primary-font-family ), Sans-serif;font-weight:var( --e-global-typography-primary-font-weight );color:var( --e-global-color-primary );}.elementor-131 .elementor-element.elementor-element-599b9810{text-align:center;}.elementor-131 .elementor-element.elementor-element-599b9810 .elementor-heading-title{font-family:\"IBM Plex Sans\", Sans-serif;font-size:36px;font-weight:600;text-transform:none;line-height:1.2em;color:var( --e-global-color-secondary );}.elementor-131 .elementor-element.elementor-element-5e56971a > .elementor-container{max-width:1170px;}.elementor-131 .elementor-element.elementor-element-5e56971a > .elementor-container > .elementor-column > .elementor-widget-wrap{align-content:center;align-items:center;}.elementor-131 .elementor-element.elementor-element-5e56971a{padding:20px 0px 50px 0px;}.elementor-131 .elementor-element.elementor-element-2bee4f37 > .elementor-element-populated, .elementor-131 .elementor-element.elementor-element-2bee4f37 > .elementor-element-populated > .elementor-background-overlay, .elementor-131 .elementor-element.elementor-element-2bee4f37 > .elementor-background-slideshow{border-radius:10px 10px 10px 10px;}.elementor-131 .elementor-element.elementor-element-2bee4f37 > .elementor-element-populated{box-shadow:0px 3px 15px 0px rgba(0, 0, 0, 0.1);margin:10px 0px 0px 10px;--e-column-margin-right:0px;--e-column-margin-left:10px;padding:0px 0px 0px 0px;}.elementor-widget-image .widget-image-caption{color:var( --e-global-color-text );font-family:var( --e-global-typography-text-font-family ), Sans-serif;font-weight:var( --e-global-typography-text-font-weight );}.elementor-131 .elementor-element.elementor-element-20403a67 img{height:400px;object-fit:cover;object-position:center center;}.elementor-bc-flex-widget .elementor-131 .elementor-element.elementor-element-65ca2a5d.elementor-column .elementor-widget-wrap{align-items:flex-start;}.elementor-131 .elementor-element.elementor-element-65ca2a5d.elementor-column.elementor-element[data-element_type=\"column\"] > .elementor-widget-wrap.elementor-element-populated{align-content:flex-start;align-items:flex-start;}.elementor-131 .elementor-element.elementor-element-65ca2a5d > .elementor-element-populated, .elementor-131 .elementor-element.elementor-element-65ca2a5d > .elementor-element-populated > .elementor-background-overlay, .elementor-131 .elementor-element.elementor-element-65ca2a5d > .elementor-background-slideshow{border-radius:10px 10px 10px 10px;}.elementor-131 .elementor-element.elementor-element-65ca2a5d > .elementor-element-populated{box-shadow:0px 3px 15px 0px rgba(0, 0, 0, 0.1);margin:10px 20px 0px 0px;--e-column-margin-right:20px;--e-column-margin-left:0px;padding:20px 20px 20px 20px;}.elementor-widget-text-editor{font-family:var( --e-global-typography-text-font-family ), Sans-serif;font-weight:var( --e-global-typography-text-font-weight );color:var( --e-global-color-text );}.elementor-widget-text-editor.elementor-drop-cap-view-stacked .elementor-drop-cap{background-color:var( --e-global-color-primary );}.elementor-widget-text-editor.elementor-drop-cap-view-framed .elementor-drop-cap, .elementor-widget-text-editor.elementor-drop-cap-view-default .elementor-drop-cap{color:var( --e-global-color-primary );border-color:var( --e-global-color-primary );}.elementor-131 .elementor-element.elementor-element-f9ed54f{font-family:\"Heebo\", Sans-serif;font-size:16px;font-weight:700;line-height:1.5em;color:#050505;}@media(max-width:1024px){.elementor-131 .elementor-element.elementor-element-610ce05a{margin-top:0px;margin-bottom:0px;padding:210px 0px 140px 0px;}.elementor-131 .elementor-element.elementor-element-5e56971a{padding:80px 10px 60px 10px;}}@media(max-width:767px){.elementor-131 .elementor-element.elementor-element-610ce05a{margin-top:0px;margin-bottom:0px;padding:152px 10px 80px 10px;}.elementor-131 .elementor-element.elementor-element-599b9810 .elementor-heading-title{font-size:24px;}.elementor-131 .elementor-element.elementor-element-5e56971a{padding:40px 10px 40px 10px;}.elementor-131 .elementor-element.elementor-element-f9ed54f{font-size:14px;}}@media(min-width:768px){.elementor-131 .elementor-element.elementor-element-2bee4f37{width:40%;}.elementor-131 .elementor-element.elementor-element-65ca2a5d{width:60%;}}@media(max-width:1024px) and (min-width:768px){.elementor-131 .elementor-element.elementor-element-2bee4f37{width:100%;}.elementor-131 .elementor-element.elementor-element-65ca2a5d{width:100%;}}<\/style>\t\t<div data-elementor-type=\"wp-page\" data-elementor-id=\"131\" class=\"elementor elementor-131\">\n\t\t\t\t\t\t<section class=\"elementor-section elementor-top-section elementor-element elementor-element-610ce05a elementor-section-boxed elementor-section-height-default elementor-section-height-default\" data-id=\"610ce05a\" data-element_type=\"section\" data-e-type=\"section\" data-settings=\"{&quot;background_background&quot;:&quot;classic&quot;}\">\n\t\t\t\t\t\t<div class=\"elementor-container elementor-column-gap-default\">\n\t\t\t\t\t<div class=\"elementor-column elementor-col-100 elementor-top-column elementor-element elementor-element-6d5124c9\" data-id=\"6d5124c9\" data-element_type=\"column\" data-e-type=\"column\">\n\t\t\t<div class=\"elementor-widget-wrap elementor-element-populated\">\n\t\t\t\t\t\t<div class=\"elementor-element elementor-element-599b9810 elementor-widget elementor-widget-heading\" data-id=\"599b9810\" data-element_type=\"widget\" data-e-type=\"widget\" data-widget_type=\"heading.default\">\n\t\t\t\t\t<h2 class=\"elementor-heading-title elementor-size-default\">Armering<\/h2>\t\t\t\t<\/div>\n\t\t\t\t\t<\/div>\n\t\t<\/div>\n\t\t\t\t\t<\/div>\n\t\t<\/section>\n\t\t\t\t<section class=\"elementor-section elementor-top-section elementor-element elementor-element-5e56971a elementor-section-content-middle elementor-section-boxed elementor-section-height-default elementor-section-height-default\" data-id=\"5e56971a\" data-element_type=\"section\" data-e-type=\"section\">\n\t\t\t\t\t\t<div class=\"elementor-container elementor-column-gap-default\">\n\t\t\t\t\t<div class=\"elementor-column elementor-col-50 elementor-top-column elementor-element elementor-element-2bee4f37\" data-id=\"2bee4f37\" data-element_type=\"column\" data-e-type=\"column\">\n\t\t\t<div class=\"elementor-widget-wrap elementor-element-populated\">\n\t\t\t\t\t\t<div class=\"elementor-element elementor-element-20403a67 elementor-widget elementor-widget-image\" data-id=\"20403a67\" data-element_type=\"widget\" data-e-type=\"widget\" data-widget_type=\"image.default\">\n\t\t\t\t\t\t\t\t\t\t\t\t\t\t\t<img fetchpriority=\"high\" decoding=\"async\" width=\"800\" height=\"600\" src=\"https:\/\/techglobal.no\/ra\/wp-content\/uploads\/2026\/02\/armering-1024x768.jpg\" class=\"attachment-large size-large wp-image-29\" alt=\"\" srcset=\"https:\/\/techglobal.no\/ra\/wp-content\/uploads\/2026\/02\/armering-1024x768.jpg 1024w, https:\/\/techglobal.no\/ra\/wp-content\/uploads\/2026\/02\/armering-300x225.jpg 300w, https:\/\/techglobal.no\/ra\/wp-content\/uploads\/2026\/02\/armering-768x576.jpg 768w, https:\/\/techglobal.no\/ra\/wp-content\/uploads\/2026\/02\/armering-1536x1152.jpg 1536w, https:\/\/techglobal.no\/ra\/wp-content\/uploads\/2026\/02\/armering.jpg 1632w\" sizes=\"(max-width: 800px) 100vw, 800px\" \/>\t\t\t\t\t\t\t\t\t\t\t\t\t\t\t<\/div>\n\t\t\t\t\t<\/div>\n\t\t<\/div>\n\t\t\t\t<div class=\"elementor-column elementor-col-50 elementor-top-column elementor-element elementor-element-65ca2a5d\" data-id=\"65ca2a5d\" data-element_type=\"column\" data-e-type=\"column\">\n\t\t\t<div class=\"elementor-widget-wrap elementor-element-populated\">\n\t\t\t\t\t\t<div class=\"elementor-element elementor-element-f9ed54f elementor-widget elementor-widget-text-editor\" data-id=\"f9ed54f\" data-element_type=\"widget\" data-e-type=\"widget\" data-widget_type=\"text-editor.default\">\n\t\t\t\t\t\t\t\t\t<p>Vi utf\u00f8rer armeringsarbeid for betongkonstruksjoner til private, n\u00e6ring og offentlige oppdragsgivere. Korrekt utf\u00f8rt armering er avgj\u00f8rende for styrke, b\u00e6reevne og levetid, og vi s\u00f8rger for n\u00f8yaktig arbeid i tr\u00e5d med tegninger, spesifikasjoner og gjeldende standarder.<\/p><p>Med erfaring og fagkompetanse leverer vi armeringsl\u00f8sninger som gir et solid grunnlag for videre st\u00f8pearbeid, enten det gjelder nybygg, tilbygg eller rehabilitering.<\/p><p>V\u00e5re tjenester inkluderer:<br \/>-Armering av fundament og s\u00e5ler<br \/>-Armering av plate p\u00e5 mark<br \/>-Armering av vegger, dekker og s\u00f8yler<br \/>-Montering av armeringsjern og armeringsnett<br \/>-Tilpasning etter konstruksjons- og arbeidstegninger<\/p>\t\t\t\t\t\t\t\t<\/div>\n\t\t\t\t\t<\/div>\n\t\t<\/div>\n\t\t\t\t\t<\/div>\n\t\t<\/section>\n\t\t\t\t<\/div>\n\t\t\n    <div class=\"xs_social_share_widget xs_share_url after_content \t\tmain_content  wslu-style-1 wslu-share-box-shaped wslu-fill-colored wslu-none wslu-share-horizontal wslu-theme-font-no wslu-main_content\">\n\n\t\t\n        <ul>\n\t\t\t        <\/ul>\n    <\/div> \n","protected":false},"excerpt":{"rendered":"<p>Armering Vi utf\u00f8rer armeringsarbeid for betongkonstruksjoner til private, n\u00e6ring og offentlige oppdragsgivere. Korrekt utf\u00f8rt armering er avgj\u00f8rende for styrke, b\u00e6reevne og levetid, og vi s\u00f8rger for n\u00f8yaktig arbeid i tr\u00e5d med tegninger, spesifikasjoner og gjeldende standarder. Med erfaring og fagkompetanse leverer vi armeringsl\u00f8sninger som gir et solid grunnlag for videre st\u00f8pearbeid, enten det gjelder nybygg, [&hellip;]<\/p>\n","protected":false},"author":1,"featured_media":0,"parent":0,"menu_order":0,"comment_status":"closed","ping_status":"closed","template":"","meta":{"postBodyCss":"","postBodyMargin":[],"postBodyPadding":[],"postBodyBackground":{"backgroundType":"classic","gradient":""},"footnotes":""},"class_list":["post-131","page","type-page","status-publish","hentry"],"_links":{"self":[{"href":"https:\/\/techglobal.no\/ra\/wp-json\/wp\/v2\/pages\/131","targetHints":{"allow":["GET"]}}],"collection":[{"href":"https:\/\/techglobal.no\/ra\/wp-json\/wp\/v2\/pages"}],"about":[{"href":"https:\/\/techglobal.no\/ra\/wp-json\/wp\/v2\/types\/page"}],"author":[{"embeddable":true,"href":"https:\/\/techglobal.no\/ra\/wp-json\/wp\/v2\/users\/1"}],"replies":[{"embeddable":true,"href":"https:\/\/techglobal.no\/ra\/wp-json\/wp\/v2\/comments?post=131"}],"version-history":[{"count":7,"href":"https:\/\/techglobal.no\/ra\/wp-json\/wp\/v2\/pages\/131\/revisions"}],"predecessor-version":[{"id":139,"href":"https:\/\/techglobal.no\/ra\/wp-json\/wp\/v2\/pages\/131\/revisions\/139"}],"wp:attachment":[{"href":"https:\/\/techglobal.no\/ra\/wp-json\/wp\/v2\/media?parent=131"}],"curies":[{"name":"wp","href":"https:\/\/api.w.org\/{rel}","templated":true}]}}