{"id":147,"date":"2026-02-06T04:18:24","date_gmt":"2026-02-06T04:18:24","guid":{"rendered":"https:\/\/techglobal.no\/ra\/?page_id=147"},"modified":"2026-02-06T12:48:11","modified_gmt":"2026-02-06T12:48:11","slug":"vaktmestertjenester","status":"publish","type":"page","link":"https:\/\/techglobal.no\/ra\/vaktmestertjenester\/","title":{"rendered":"Vaktmestertjenester"},"content":{"rendered":"<style>.elementor-147 .elementor-element.elementor-element-28ab46a9 > .elementor-container{max-width:1170px;}.elementor-147 .elementor-element.elementor-element-28ab46a9:not(.elementor-motion-effects-element-type-background), .elementor-147 .elementor-element.elementor-element-28ab46a9 > .elementor-motion-effects-container > .elementor-motion-effects-layer{background-color:var( --e-global-color-primary );}.elementor-147 .elementor-element.elementor-element-28ab46a9{transition:background 0.3s, border 0.3s, border-radius 0.3s, box-shadow 0.3s;margin-top:-10px;margin-bottom:0px;padding:20px 0px 20px 0px;z-index:0;}.elementor-147 .elementor-element.elementor-element-28ab46a9 > .elementor-background-overlay{transition:background 0.3s, border-radius 0.3s, opacity 0.3s;}.elementor-widget-heading .elementor-heading-title{font-family:var( --e-global-typography-primary-font-family ), Sans-serif;font-weight:var( --e-global-typography-primary-font-weight );color:var( --e-global-color-primary );}.elementor-147 .elementor-element.elementor-element-6ed135db{text-align:center;}.elementor-147 .elementor-element.elementor-element-6ed135db .elementor-heading-title{font-family:\"IBM Plex Sans\", Sans-serif;font-size:36px;font-weight:600;text-transform:none;line-height:1.2em;color:var( --e-global-color-secondary );}.elementor-147 .elementor-element.elementor-element-45dbfd67 > .elementor-container{max-width:1170px;}.elementor-147 .elementor-element.elementor-element-45dbfd67 > .elementor-container > .elementor-column > .elementor-widget-wrap{align-content:center;align-items:center;}.elementor-147 .elementor-element.elementor-element-45dbfd67{padding:20px 0px 50px 0px;}.elementor-147 .elementor-element.elementor-element-6878279e > .elementor-element-populated, .elementor-147 .elementor-element.elementor-element-6878279e > .elementor-element-populated > .elementor-background-overlay, .elementor-147 .elementor-element.elementor-element-6878279e > .elementor-background-slideshow{border-radius:10px 10px 10px 10px;}.elementor-147 .elementor-element.elementor-element-6878279e > .elementor-element-populated{box-shadow:0px 3px 15px 0px rgba(0, 0, 0, 0.1);margin:10px 0px 0px 10px;--e-column-margin-right:0px;--e-column-margin-left:10px;padding:0px 0px 0px 0px;}.elementor-widget-image .widget-image-caption{color:var( --e-global-color-text );font-family:var( --e-global-typography-text-font-family ), Sans-serif;font-weight:var( --e-global-typography-text-font-weight );}.elementor-147 .elementor-element.elementor-element-2de3f7e3 img{height:400px;object-fit:cover;object-position:center center;}.elementor-bc-flex-widget .elementor-147 .elementor-element.elementor-element-59a18490.elementor-column .elementor-widget-wrap{align-items:flex-start;}.elementor-147 .elementor-element.elementor-element-59a18490.elementor-column.elementor-element[data-element_type=\"column\"] > .elementor-widget-wrap.elementor-element-populated{align-content:flex-start;align-items:flex-start;}.elementor-147 .elementor-element.elementor-element-59a18490 > .elementor-element-populated, .elementor-147 .elementor-element.elementor-element-59a18490 > .elementor-element-populated > .elementor-background-overlay, .elementor-147 .elementor-element.elementor-element-59a18490 > .elementor-background-slideshow{border-radius:10px 10px 10px 10px;}.elementor-147 .elementor-element.elementor-element-59a18490 > .elementor-element-populated{box-shadow:0px 3px 15px 0px rgba(0, 0, 0, 0.1);margin:10px 20px 0px 0px;--e-column-margin-right:20px;--e-column-margin-left:0px;padding:20px 20px 20px 20px;}.elementor-widget-text-editor{font-family:var( --e-global-typography-text-font-family ), Sans-serif;font-weight:var( --e-global-typography-text-font-weight );color:var( --e-global-color-text );}.elementor-widget-text-editor.elementor-drop-cap-view-stacked .elementor-drop-cap{background-color:var( --e-global-color-primary );}.elementor-widget-text-editor.elementor-drop-cap-view-framed .elementor-drop-cap, .elementor-widget-text-editor.elementor-drop-cap-view-default .elementor-drop-cap{color:var( --e-global-color-primary );border-color:var( --e-global-color-primary );}.elementor-147 .elementor-element.elementor-element-1a537bf{font-family:\"Heebo\", Sans-serif;font-size:16px;font-weight:700;line-height:1.5em;color:#050505;}@media(max-width:1024px){.elementor-147 .elementor-element.elementor-element-28ab46a9{margin-top:0px;margin-bottom:0px;padding:210px 0px 140px 0px;}.elementor-147 .elementor-element.elementor-element-45dbfd67{padding:80px 10px 60px 10px;}}@media(max-width:767px){.elementor-147 .elementor-element.elementor-element-28ab46a9{margin-top:0px;margin-bottom:0px;padding:152px 10px 80px 10px;}.elementor-147 .elementor-element.elementor-element-6ed135db .elementor-heading-title{font-size:24px;}.elementor-147 .elementor-element.elementor-element-45dbfd67{padding:40px 10px 40px 10px;}.elementor-147 .elementor-element.elementor-element-1a537bf{font-size:14px;}}@media(min-width:768px){.elementor-147 .elementor-element.elementor-element-6878279e{width:40%;}.elementor-147 .elementor-element.elementor-element-59a18490{width:60%;}}@media(max-width:1024px) and (min-width:768px){.elementor-147 .elementor-element.elementor-element-6878279e{width:100%;}.elementor-147 .elementor-element.elementor-element-59a18490{width:100%;}}<\/style>\t\t<div data-elementor-type=\"wp-page\" data-elementor-id=\"147\" class=\"elementor elementor-147\">\n\t\t\t\t\t\t<section class=\"elementor-section elementor-top-section elementor-element elementor-element-28ab46a9 elementor-section-boxed elementor-section-height-default elementor-section-height-default\" data-id=\"28ab46a9\" data-element_type=\"section\" data-e-type=\"section\" data-settings=\"{&quot;background_background&quot;:&quot;classic&quot;}\">\n\t\t\t\t\t\t<div class=\"elementor-container elementor-column-gap-default\">\n\t\t\t\t\t<div class=\"elementor-column elementor-col-100 elementor-top-column elementor-element elementor-element-1565d160\" data-id=\"1565d160\" data-element_type=\"column\" data-e-type=\"column\">\n\t\t\t<div class=\"elementor-widget-wrap elementor-element-populated\">\n\t\t\t\t\t\t<div class=\"elementor-element elementor-element-6ed135db elementor-widget elementor-widget-heading\" data-id=\"6ed135db\" data-element_type=\"widget\" data-e-type=\"widget\" data-widget_type=\"heading.default\">\n\t\t\t\t\t<h2 class=\"elementor-heading-title elementor-size-default\">Vaktmestertjenester<\/h2>\t\t\t\t<\/div>\n\t\t\t\t\t<\/div>\n\t\t<\/div>\n\t\t\t\t\t<\/div>\n\t\t<\/section>\n\t\t\t\t<section class=\"elementor-section elementor-top-section elementor-element elementor-element-45dbfd67 elementor-section-content-middle elementor-section-boxed elementor-section-height-default elementor-section-height-default\" data-id=\"45dbfd67\" data-element_type=\"section\" data-e-type=\"section\">\n\t\t\t\t\t\t<div class=\"elementor-container elementor-column-gap-default\">\n\t\t\t\t\t<div class=\"elementor-column elementor-col-50 elementor-top-column elementor-element elementor-element-6878279e\" data-id=\"6878279e\" data-element_type=\"column\" data-e-type=\"column\">\n\t\t\t<div class=\"elementor-widget-wrap elementor-element-populated\">\n\t\t\t\t\t\t<div class=\"elementor-element elementor-element-2de3f7e3 elementor-widget elementor-widget-image\" data-id=\"2de3f7e3\" data-element_type=\"widget\" data-e-type=\"widget\" data-widget_type=\"image.default\">\n\t\t\t\t\t\t\t\t\t\t\t\t\t\t\t<img fetchpriority=\"high\" decoding=\"async\" width=\"768\" height=\"1024\" src=\"https:\/\/techglobal.no\/ra\/wp-content\/uploads\/2026\/02\/vakm-768x1024.jpg\" class=\"attachment-large size-large wp-image-33\" alt=\"\" srcset=\"https:\/\/techglobal.no\/ra\/wp-content\/uploads\/2026\/02\/vakm-768x1024.jpg 768w, https:\/\/techglobal.no\/ra\/wp-content\/uploads\/2026\/02\/vakm-225x300.jpg 225w, https:\/\/techglobal.no\/ra\/wp-content\/uploads\/2026\/02\/vakm-1152x1536.jpg 1152w, https:\/\/techglobal.no\/ra\/wp-content\/uploads\/2026\/02\/vakm.jpg 1536w\" sizes=\"(max-width: 768px) 100vw, 768px\" \/>\t\t\t\t\t\t\t\t\t\t\t\t\t\t\t<\/div>\n\t\t\t\t\t<\/div>\n\t\t<\/div>\n\t\t\t\t<div class=\"elementor-column elementor-col-50 elementor-top-column elementor-element elementor-element-59a18490\" data-id=\"59a18490\" data-element_type=\"column\" data-e-type=\"column\">\n\t\t\t<div class=\"elementor-widget-wrap elementor-element-populated\">\n\t\t\t\t\t\t<div class=\"elementor-element elementor-element-1a537bf elementor-widget elementor-widget-text-editor\" data-id=\"1a537bf\" data-element_type=\"widget\" data-e-type=\"widget\" data-widget_type=\"text-editor.default\">\n\t\t\t\t\t\t\t\t\t<p>Vi tilbyr p\u00e5litelige og fleksible vaktmestertjenester for borettslag, sameier, n\u00e6ringseiendommer og offentlige bygg. Med fokus p\u00e5 driftssikkerhet, orden og godt vedlikehold bidrar vi til trygge og velfungerende eiendommer \u2013 \u00e5ret rundt.<\/p>\n<p>V\u00e5re tjenester tilpasses kundens behov og kan leveres som faste avtaler eller ved enkeltoppdrag.<\/p>\n<p>V\u00e5re vaktmestertjenester inkluderer:<\/p>\n<p>-Tilsyn og daglig drift av eiendom<\/p>\n<p>-Enklere vedlikeholds- og reparasjonsarbeid<\/p>\n<p>-Utskifting av lys, l\u00e5ser og mindre installasjoner<\/p>\n<p>-Avfallsh\u00e5ndtering og orden p\u00e5 fellesarealer<\/p>\n<p>-Oppf\u00f8lging av uteomr\u00e5der og tekniske rom<\/p>\t\t\t\t\t\t\t\t<\/div>\n\t\t\t\t\t<\/div>\n\t\t<\/div>\n\t\t\t\t\t<\/div>\n\t\t<\/section>\n\t\t\t\t<\/div>\n\t\t\n    <div class=\"xs_social_share_widget xs_share_url after_content \t\tmain_content  wslu-style-1 wslu-share-box-shaped wslu-fill-colored wslu-none wslu-share-horizontal wslu-theme-font-no wslu-main_content\">\n\n\t\t\n        <ul>\n\t\t\t        <\/ul>\n    <\/div> \n","protected":false},"excerpt":{"rendered":"<p>Vaktmestertjenester Vi tilbyr p\u00e5litelige og fleksible vaktmestertjenester for borettslag, sameier, n\u00e6ringseiendommer og offentlige bygg. Med fokus p\u00e5 driftssikkerhet, orden og godt vedlikehold bidrar vi til trygge og velfungerende eiendommer \u2013 \u00e5ret rundt. V\u00e5re tjenester tilpasses kundens behov og kan leveres som faste avtaler eller ved enkeltoppdrag. V\u00e5re vaktmestertjenester inkluderer: -Tilsyn og daglig drift av eiendom [&hellip;]<\/p>\n","protected":false},"author":1,"featured_media":0,"parent":0,"menu_order":0,"comment_status":"closed","ping_status":"closed","template":"","meta":{"postBodyCss":"","postBodyMargin":[],"postBodyPadding":[],"postBodyBackground":{"backgroundType":"classic","gradient":""},"footnotes":""},"class_list":["post-147","page","type-page","status-publish","hentry"],"_links":{"self":[{"href":"https:\/\/techglobal.no\/ra\/wp-json\/wp\/v2\/pages\/147","targetHints":{"allow":["GET"]}}],"collection":[{"href":"https:\/\/techglobal.no\/ra\/wp-json\/wp\/v2\/pages"}],"about":[{"href":"https:\/\/techglobal.no\/ra\/wp-json\/wp\/v2\/types\/page"}],"author":[{"embeddable":true,"href":"https:\/\/techglobal.no\/ra\/wp-json\/wp\/v2\/users\/1"}],"replies":[{"embeddable":true,"href":"https:\/\/techglobal.no\/ra\/wp-json\/wp\/v2\/comments?post=147"}],"version-history":[{"count":10,"href":"https:\/\/techglobal.no\/ra\/wp-json\/wp\/v2\/pages\/147\/revisions"}],"predecessor-version":[{"id":255,"href":"https:\/\/techglobal.no\/ra\/wp-json\/wp\/v2\/pages\/147\/revisions\/255"}],"wp:attachment":[{"href":"https:\/\/techglobal.no\/ra\/wp-json\/wp\/v2\/media?parent=147"}],"curies":[{"name":"wp","href":"https:\/\/api.w.org\/{rel}","templated":true}]}}