{"id":290,"date":"2026-02-21T03:17:51","date_gmt":"2026-02-21T03:17:51","guid":{"rendered":"https:\/\/techglobal.no\/ra\/?page_id=290"},"modified":"2026-02-21T04:20:54","modified_gmt":"2026-02-21T04:20:54","slug":"om-oss","status":"publish","type":"page","link":"https:\/\/techglobal.no\/ra\/om-oss\/","title":{"rendered":"Om oss"},"content":{"rendered":"<style>.elementor-290 .elementor-element.elementor-element-3438c204 > .elementor-container{max-width:1170px;}.elementor-290 .elementor-element.elementor-element-3438c204:not(.elementor-motion-effects-element-type-background), .elementor-290 .elementor-element.elementor-element-3438c204 > .elementor-motion-effects-container > .elementor-motion-effects-layer{background-color:var( --e-global-color-primary );}.elementor-290 .elementor-element.elementor-element-3438c204{transition:background 0.3s, border 0.3s, border-radius 0.3s, box-shadow 0.3s;margin-top:-10px;margin-bottom:0px;padding:20px 0px 20px 0px;z-index:0;}.elementor-290 .elementor-element.elementor-element-3438c204 > .elementor-background-overlay{transition:background 0.3s, border-radius 0.3s, opacity 0.3s;}.elementor-widget-heading .elementor-heading-title{font-family:var( --e-global-typography-primary-font-family ), Sans-serif;font-weight:var( --e-global-typography-primary-font-weight );color:var( --e-global-color-primary );}.elementor-290 .elementor-element.elementor-element-3c57342d{text-align:center;}.elementor-290 .elementor-element.elementor-element-3c57342d .elementor-heading-title{font-family:\"IBM Plex Sans\", Sans-serif;font-size:36px;font-weight:600;text-transform:none;line-height:1.2em;color:var( --e-global-color-secondary );}.elementor-290 .elementor-element.elementor-element-5ef8e36a > .elementor-container{max-width:1170px;}.elementor-290 .elementor-element.elementor-element-5ef8e36a > .elementor-container > .elementor-column > .elementor-widget-wrap{align-content:center;align-items:center;}.elementor-290 .elementor-element.elementor-element-5ef8e36a{padding:20px 0px 50px 0px;}.elementor-290 .elementor-element.elementor-element-62a7a98f:not(.elementor-motion-effects-element-type-background) > .elementor-widget-wrap, .elementor-290 .elementor-element.elementor-element-62a7a98f > .elementor-widget-wrap > .elementor-motion-effects-container > .elementor-motion-effects-layer{background-color:var( --e-global-color-secondary );}.elementor-290 .elementor-element.elementor-element-62a7a98f > .elementor-element-populated, .elementor-290 .elementor-element.elementor-element-62a7a98f > .elementor-element-populated > .elementor-background-overlay, .elementor-290 .elementor-element.elementor-element-62a7a98f > .elementor-background-slideshow{border-radius:10px 10px 10px 10px;}.elementor-290 .elementor-element.elementor-element-62a7a98f > .elementor-element-populated{box-shadow:0px 3px 15px 0px rgba(0, 0, 0, 0.1);transition:background 0.3s, border 0.3s, border-radius 0.3s, box-shadow 0.3s;margin:10px 0px 0px 10px;--e-column-margin-right:0px;--e-column-margin-left:10px;padding:0px 0px 0px 0px;}.elementor-290 .elementor-element.elementor-element-62a7a98f > .elementor-element-populated > .elementor-background-overlay{transition:background 0.3s, border-radius 0.3s, opacity 0.3s;}.elementor-widget-image .widget-image-caption{color:var( --e-global-color-text );font-family:var( --e-global-typography-text-font-family ), Sans-serif;font-weight:var( --e-global-typography-text-font-weight );}.elementor-290 .elementor-element.elementor-element-345323ea img{height:150px;object-fit:contain;object-position:center center;}.elementor-bc-flex-widget .elementor-290 .elementor-element.elementor-element-4e4d8503.elementor-column .elementor-widget-wrap{align-items:flex-start;}.elementor-290 .elementor-element.elementor-element-4e4d8503.elementor-column.elementor-element[data-element_type=\"column\"] > .elementor-widget-wrap.elementor-element-populated{align-content:flex-start;align-items:flex-start;}.elementor-290 .elementor-element.elementor-element-4e4d8503 > .elementor-element-populated, .elementor-290 .elementor-element.elementor-element-4e4d8503 > .elementor-element-populated > .elementor-background-overlay, .elementor-290 .elementor-element.elementor-element-4e4d8503 > .elementor-background-slideshow{border-radius:10px 10px 10px 10px;}.elementor-290 .elementor-element.elementor-element-4e4d8503 > .elementor-element-populated{box-shadow:0px 3px 15px 0px rgba(0, 0, 0, 0.1);margin:10px 20px 0px 0px;--e-column-margin-right:20px;--e-column-margin-left:0px;padding:20px 20px 20px 20px;}.elementor-widget-text-editor{font-family:var( --e-global-typography-text-font-family ), Sans-serif;font-weight:var( --e-global-typography-text-font-weight );color:var( --e-global-color-text );}.elementor-widget-text-editor.elementor-drop-cap-view-stacked .elementor-drop-cap{background-color:var( --e-global-color-primary );}.elementor-widget-text-editor.elementor-drop-cap-view-framed .elementor-drop-cap, .elementor-widget-text-editor.elementor-drop-cap-view-default .elementor-drop-cap{color:var( --e-global-color-primary );border-color:var( --e-global-color-primary );}.elementor-290 .elementor-element.elementor-element-2543bc3e{font-family:\"Heebo\", Sans-serif;font-size:16px;font-weight:700;line-height:1.5em;color:#050505;}@media(max-width:1024px){.elementor-290 .elementor-element.elementor-element-3438c204{margin-top:0px;margin-bottom:0px;padding:210px 0px 140px 0px;}.elementor-290 .elementor-element.elementor-element-5ef8e36a{padding:80px 10px 60px 10px;}}@media(max-width:767px){.elementor-290 .elementor-element.elementor-element-3438c204{margin-top:0px;margin-bottom:0px;padding:152px 10px 80px 10px;}.elementor-290 .elementor-element.elementor-element-3c57342d .elementor-heading-title{font-size:24px;}.elementor-290 .elementor-element.elementor-element-5ef8e36a{padding:40px 10px 40px 10px;}.elementor-290 .elementor-element.elementor-element-2543bc3e{font-size:14px;}}@media(min-width:768px){.elementor-290 .elementor-element.elementor-element-62a7a98f{width:40%;}.elementor-290 .elementor-element.elementor-element-4e4d8503{width:60%;}}@media(max-width:1024px) and (min-width:768px){.elementor-290 .elementor-element.elementor-element-62a7a98f{width:100%;}.elementor-290 .elementor-element.elementor-element-4e4d8503{width:100%;}}<\/style>\t\t<div data-elementor-type=\"wp-page\" data-elementor-id=\"290\" class=\"elementor elementor-290\">\n\t\t\t\t\t\t<section class=\"elementor-section elementor-top-section elementor-element elementor-element-3438c204 elementor-section-boxed elementor-section-height-default elementor-section-height-default\" data-id=\"3438c204\" data-element_type=\"section\" data-e-type=\"section\" data-settings=\"{&quot;background_background&quot;:&quot;classic&quot;}\">\n\t\t\t\t\t\t<div class=\"elementor-container elementor-column-gap-default\">\n\t\t\t\t\t<div class=\"elementor-column elementor-col-100 elementor-top-column elementor-element elementor-element-3b19ef9c\" data-id=\"3b19ef9c\" data-element_type=\"column\" data-e-type=\"column\">\n\t\t\t<div class=\"elementor-widget-wrap elementor-element-populated\">\n\t\t\t\t\t\t<div class=\"elementor-element elementor-element-3c57342d elementor-widget elementor-widget-heading\" data-id=\"3c57342d\" data-element_type=\"widget\" data-e-type=\"widget\" data-widget_type=\"heading.default\">\n\t\t\t\t\t<h2 class=\"elementor-heading-title elementor-size-default\">Om oss<\/h2>\t\t\t\t<\/div>\n\t\t\t\t\t<\/div>\n\t\t<\/div>\n\t\t\t\t\t<\/div>\n\t\t<\/section>\n\t\t\t\t<section class=\"elementor-section elementor-top-section elementor-element elementor-element-5ef8e36a elementor-section-content-middle elementor-section-boxed elementor-section-height-default elementor-section-height-default\" data-id=\"5ef8e36a\" data-element_type=\"section\" data-e-type=\"section\">\n\t\t\t\t\t\t<div class=\"elementor-container elementor-column-gap-default\">\n\t\t\t\t\t<div class=\"elementor-column elementor-col-50 elementor-top-column elementor-element elementor-element-62a7a98f\" data-id=\"62a7a98f\" data-element_type=\"column\" data-e-type=\"column\" data-settings=\"{&quot;background_background&quot;:&quot;classic&quot;}\">\n\t\t\t<div class=\"elementor-widget-wrap elementor-element-populated\">\n\t\t\t\t\t\t<div class=\"elementor-element elementor-element-345323ea elementor-widget elementor-widget-image\" data-id=\"345323ea\" data-element_type=\"widget\" data-e-type=\"widget\" data-widget_type=\"image.default\">\n\t\t\t\t\t\t\t\t\t\t\t\t\t\t\t<img decoding=\"async\" width=\"88\" height=\"62\" src=\"https:\/\/techglobal.no\/ra\/wp-content\/uploads\/2026\/02\/ra-logo.png\" class=\"attachment-large size-large wp-image-20\" alt=\"\" \/>\t\t\t\t\t\t\t\t\t\t\t\t\t\t\t<\/div>\n\t\t\t\t\t<\/div>\n\t\t<\/div>\n\t\t\t\t<div class=\"elementor-column elementor-col-50 elementor-top-column elementor-element elementor-element-4e4d8503\" data-id=\"4e4d8503\" data-element_type=\"column\" data-e-type=\"column\">\n\t\t\t<div class=\"elementor-widget-wrap elementor-element-populated\">\n\t\t\t\t\t\t<div class=\"elementor-element elementor-element-2543bc3e elementor-widget elementor-widget-text-editor\" data-id=\"2543bc3e\" data-element_type=\"widget\" data-e-type=\"widget\" data-widget_type=\"text-editor.default\">\n\t\t\t\t\t\t\t\t\t<p>Vi er en liten entrepren\u00f8rbedrift med tilholdssted p\u00e5 Skreia, \u00d8stre Toten men som tar p\u00e5 oss jobber og arbeid p\u00e5 hele \u00d8st-Norge.<br \/>V\u00e5re ansatte har faglig h\u00f8y kompetanse og vi jobber for \u00e5 alltid kunne levere ett 100% resultat. Vi tar p\u00e5 oss det meste av arbeid og er alltid fleksible for \u00e5 kunne utf\u00f8re arbeidet slik at kunden blir forn\u00f8yd.<\/p><p>vi driver med drenering i hele \u00d8st-Norge.<\/p>\t\t\t\t\t\t\t\t<\/div>\n\t\t\t\t\t<\/div>\n\t\t<\/div>\n\t\t\t\t\t<\/div>\n\t\t<\/section>\n\t\t\t\t<\/div>\n\t\t\n    <div class=\"xs_social_share_widget xs_share_url after_content \t\tmain_content  wslu-style-1 wslu-share-box-shaped wslu-fill-colored wslu-none wslu-share-horizontal wslu-theme-font-no wslu-main_content\">\n\n\t\t\n        <ul>\n\t\t\t        <\/ul>\n    <\/div> \n","protected":false},"excerpt":{"rendered":"<p>Om oss Vi er en liten entrepren\u00f8rbedrift med tilholdssted p\u00e5 Skreia, \u00d8stre Toten men som tar p\u00e5 oss jobber og arbeid p\u00e5 hele \u00d8st-Norge.V\u00e5re ansatte har faglig h\u00f8y kompetanse og vi jobber for \u00e5 alltid kunne levere ett 100% resultat. Vi tar p\u00e5 oss det meste av arbeid og er alltid fleksible for \u00e5 kunne [&hellip;]<\/p>\n","protected":false},"author":1,"featured_media":0,"parent":0,"menu_order":0,"comment_status":"closed","ping_status":"closed","template":"","meta":{"postBodyCss":"","postBodyMargin":[],"postBodyPadding":[],"postBodyBackground":{"backgroundType":"classic","gradient":""},"footnotes":""},"class_list":["post-290","page","type-page","status-publish","hentry"],"_links":{"self":[{"href":"https:\/\/techglobal.no\/ra\/wp-json\/wp\/v2\/pages\/290","targetHints":{"allow":["GET"]}}],"collection":[{"href":"https:\/\/techglobal.no\/ra\/wp-json\/wp\/v2\/pages"}],"about":[{"href":"https:\/\/techglobal.no\/ra\/wp-json\/wp\/v2\/types\/page"}],"author":[{"embeddable":true,"href":"https:\/\/techglobal.no\/ra\/wp-json\/wp\/v2\/users\/1"}],"replies":[{"embeddable":true,"href":"https:\/\/techglobal.no\/ra\/wp-json\/wp\/v2\/comments?post=290"}],"version-history":[{"count":10,"href":"https:\/\/techglobal.no\/ra\/wp-json\/wp\/v2\/pages\/290\/revisions"}],"predecessor-version":[{"id":334,"href":"https:\/\/techglobal.no\/ra\/wp-json\/wp\/v2\/pages\/290\/revisions\/334"}],"wp:attachment":[{"href":"https:\/\/techglobal.no\/ra\/wp-json\/wp\/v2\/media?parent=290"}],"curies":[{"name":"wp","href":"https:\/\/api.w.org\/{rel}","templated":true}]}}