{"id":299,"date":"2026-02-21T03:57:25","date_gmt":"2026-02-21T03:57:25","guid":{"rendered":"https:\/\/techglobal.no\/ra\/?page_id=299"},"modified":"2026-02-21T04:04:40","modified_gmt":"2026-02-21T04:04:40","slug":"snorydding-og-stroing","status":"publish","type":"page","link":"https:\/\/techglobal.no\/ra\/snorydding-og-stroing\/","title":{"rendered":"sn\u00f8rydding og str\u00f8ing"},"content":{"rendered":"<style>.elementor-299 .elementor-element.elementor-element-35ab6b0d > .elementor-container{max-width:1170px;}.elementor-299 .elementor-element.elementor-element-35ab6b0d:not(.elementor-motion-effects-element-type-background), .elementor-299 .elementor-element.elementor-element-35ab6b0d > .elementor-motion-effects-container > .elementor-motion-effects-layer{background-color:var( --e-global-color-primary );}.elementor-299 .elementor-element.elementor-element-35ab6b0d{transition:background 0.3s, border 0.3s, border-radius 0.3s, box-shadow 0.3s;margin-top:-10px;margin-bottom:0px;padding:20px 0px 20px 0px;z-index:0;}.elementor-299 .elementor-element.elementor-element-35ab6b0d > .elementor-background-overlay{transition:background 0.3s, border-radius 0.3s, opacity 0.3s;}.elementor-widget-heading .elementor-heading-title{font-family:var( --e-global-typography-primary-font-family ), Sans-serif;font-weight:var( --e-global-typography-primary-font-weight );color:var( --e-global-color-primary );}.elementor-299 .elementor-element.elementor-element-2a0662b3{text-align:center;}.elementor-299 .elementor-element.elementor-element-2a0662b3 .elementor-heading-title{font-family:\"IBM Plex Sans\", Sans-serif;font-size:36px;font-weight:600;text-transform:none;line-height:1.2em;color:var( --e-global-color-secondary );}.elementor-299 .elementor-element.elementor-element-1350ea8 > .elementor-container{max-width:1170px;}.elementor-299 .elementor-element.elementor-element-1350ea8 > .elementor-container > .elementor-column > .elementor-widget-wrap{align-content:center;align-items:center;}.elementor-299 .elementor-element.elementor-element-1350ea8{padding:20px 0px 50px 0px;}.elementor-299 .elementor-element.elementor-element-36d123d8 > .elementor-element-populated, .elementor-299 .elementor-element.elementor-element-36d123d8 > .elementor-element-populated > .elementor-background-overlay, .elementor-299 .elementor-element.elementor-element-36d123d8 > .elementor-background-slideshow{border-radius:10px 10px 10px 10px;}.elementor-299 .elementor-element.elementor-element-36d123d8 > .elementor-element-populated{box-shadow:0px 3px 15px 0px rgba(0, 0, 0, 0.1);margin:10px 0px 0px 10px;--e-column-margin-right:0px;--e-column-margin-left:10px;padding:0px 0px 0px 0px;}.elementor-widget-image .widget-image-caption{color:var( --e-global-color-text );font-family:var( --e-global-typography-text-font-family ), Sans-serif;font-weight:var( --e-global-typography-text-font-weight );}.elementor-299 .elementor-element.elementor-element-2cf92bd5 img{height:256px;object-fit:cover;object-position:center center;}.elementor-bc-flex-widget .elementor-299 .elementor-element.elementor-element-10c16d9.elementor-column .elementor-widget-wrap{align-items:flex-start;}.elementor-299 .elementor-element.elementor-element-10c16d9.elementor-column.elementor-element[data-element_type=\"column\"] > .elementor-widget-wrap.elementor-element-populated{align-content:flex-start;align-items:flex-start;}.elementor-299 .elementor-element.elementor-element-10c16d9 > .elementor-element-populated, .elementor-299 .elementor-element.elementor-element-10c16d9 > .elementor-element-populated > .elementor-background-overlay, .elementor-299 .elementor-element.elementor-element-10c16d9 > .elementor-background-slideshow{border-radius:10px 10px 10px 10px;}.elementor-299 .elementor-element.elementor-element-10c16d9 > .elementor-element-populated{box-shadow:0px 3px 15px 0px rgba(0, 0, 0, 0.1);margin:10px 20px 0px 0px;--e-column-margin-right:20px;--e-column-margin-left:0px;padding:20px 20px 20px 20px;}.elementor-widget-text-editor{font-family:var( --e-global-typography-text-font-family ), Sans-serif;font-weight:var( --e-global-typography-text-font-weight );color:var( --e-global-color-text );}.elementor-widget-text-editor.elementor-drop-cap-view-stacked .elementor-drop-cap{background-color:var( --e-global-color-primary );}.elementor-widget-text-editor.elementor-drop-cap-view-framed .elementor-drop-cap, .elementor-widget-text-editor.elementor-drop-cap-view-default .elementor-drop-cap{color:var( --e-global-color-primary );border-color:var( --e-global-color-primary );}.elementor-299 .elementor-element.elementor-element-2dd1712a{font-family:\"Heebo\", Sans-serif;font-size:16px;font-weight:700;line-height:1.5em;color:#050505;}@media(max-width:1024px){.elementor-299 .elementor-element.elementor-element-35ab6b0d{margin-top:0px;margin-bottom:0px;padding:210px 0px 140px 0px;}.elementor-299 .elementor-element.elementor-element-1350ea8{padding:80px 10px 60px 10px;}}@media(max-width:767px){.elementor-299 .elementor-element.elementor-element-35ab6b0d{margin-top:0px;margin-bottom:0px;padding:152px 10px 80px 10px;}.elementor-299 .elementor-element.elementor-element-2a0662b3 .elementor-heading-title{font-size:24px;}.elementor-299 .elementor-element.elementor-element-1350ea8{padding:40px 10px 40px 10px;}.elementor-299 .elementor-element.elementor-element-2dd1712a{font-size:14px;}}@media(min-width:768px){.elementor-299 .elementor-element.elementor-element-36d123d8{width:40%;}.elementor-299 .elementor-element.elementor-element-10c16d9{width:60%;}}@media(max-width:1024px) and (min-width:768px){.elementor-299 .elementor-element.elementor-element-36d123d8{width:100%;}.elementor-299 .elementor-element.elementor-element-10c16d9{width:100%;}}<\/style>\t\t<div data-elementor-type=\"wp-page\" data-elementor-id=\"299\" class=\"elementor elementor-299\">\n\t\t\t\t\t\t<section class=\"elementor-section elementor-top-section elementor-element elementor-element-35ab6b0d elementor-section-boxed elementor-section-height-default elementor-section-height-default\" data-id=\"35ab6b0d\" data-element_type=\"section\" data-e-type=\"section\" data-settings=\"{&quot;background_background&quot;:&quot;classic&quot;}\">\n\t\t\t\t\t\t<div class=\"elementor-container elementor-column-gap-default\">\n\t\t\t\t\t<div class=\"elementor-column elementor-col-100 elementor-top-column elementor-element elementor-element-5474c7d8\" data-id=\"5474c7d8\" data-element_type=\"column\" data-e-type=\"column\">\n\t\t\t<div class=\"elementor-widget-wrap elementor-element-populated\">\n\t\t\t\t\t\t<div class=\"elementor-element elementor-element-2a0662b3 elementor-widget elementor-widget-heading\" data-id=\"2a0662b3\" data-element_type=\"widget\" data-e-type=\"widget\" data-widget_type=\"heading.default\">\n\t\t\t\t\t<h2 class=\"elementor-heading-title elementor-size-default\">sn\u00f8rydding og str\u00f8ing<\/h2>\t\t\t\t<\/div>\n\t\t\t\t\t<\/div>\n\t\t<\/div>\n\t\t\t\t\t<\/div>\n\t\t<\/section>\n\t\t\t\t<section class=\"elementor-section elementor-top-section elementor-element elementor-element-1350ea8 elementor-section-content-middle elementor-section-boxed elementor-section-height-default elementor-section-height-default\" data-id=\"1350ea8\" data-element_type=\"section\" data-e-type=\"section\">\n\t\t\t\t\t\t<div class=\"elementor-container elementor-column-gap-default\">\n\t\t\t\t\t<div class=\"elementor-column elementor-col-50 elementor-top-column elementor-element elementor-element-36d123d8\" data-id=\"36d123d8\" data-element_type=\"column\" data-e-type=\"column\">\n\t\t\t<div class=\"elementor-widget-wrap elementor-element-populated\">\n\t\t\t\t\t\t<div class=\"elementor-element elementor-element-2cf92bd5 elementor-widget elementor-widget-image\" data-id=\"2cf92bd5\" data-element_type=\"widget\" data-e-type=\"widget\" data-widget_type=\"image.default\">\n\t\t\t\t\t\t\t\t\t\t\t\t\t\t\t<img fetchpriority=\"high\" decoding=\"async\" width=\"640\" height=\"427\" src=\"https:\/\/techglobal.no\/ra\/wp-content\/uploads\/2026\/02\/snorydding-og-stroing.jpg\" class=\"attachment-large size-large wp-image-306\" alt=\"\" srcset=\"https:\/\/techglobal.no\/ra\/wp-content\/uploads\/2026\/02\/snorydding-og-stroing.jpg 640w, https:\/\/techglobal.no\/ra\/wp-content\/uploads\/2026\/02\/snorydding-og-stroing-300x200.jpg 300w\" sizes=\"(max-width: 640px) 100vw, 640px\" \/>\t\t\t\t\t\t\t\t\t\t\t\t\t\t\t<\/div>\n\t\t\t\t\t<\/div>\n\t\t<\/div>\n\t\t\t\t<div class=\"elementor-column elementor-col-50 elementor-top-column elementor-element elementor-element-10c16d9\" data-id=\"10c16d9\" data-element_type=\"column\" data-e-type=\"column\">\n\t\t\t<div class=\"elementor-widget-wrap elementor-element-populated\">\n\t\t\t\t\t\t<div class=\"elementor-element elementor-element-2dd1712a elementor-widget elementor-widget-text-editor\" data-id=\"2dd1712a\" data-element_type=\"widget\" data-e-type=\"widget\" data-widget_type=\"text-editor.default\">\n\t\t\t\t\t\t\t\t\t<p>Holder du til p\u00e5 Oslo vest og \u00f8nsker tilbud p\u00e5 sn\u00f8rydding og<br \/>str\u00f8ing? Vi tilbyr hyggelig priser og gode betingelser p\u00e5 v\u00e5re<br \/>avtaler! Vi rykker ut s\u00e5 fort det er kommet 3 cm med sn\u00f8 og str\u00f8r s\u00e5<br \/>fort det er behov!<br \/>V\u00e5re arbeidsomr\u00e5der er: Holmen, Slemdal, Smestad, Holmenkollen,<br \/>Voksenkollen, R\u00f8a, Vinderen og Ullern.<br \/>Ta kontakt for befaring og ett hyggelig pristilbud.<\/p>\t\t\t\t\t\t\t\t<\/div>\n\t\t\t\t\t<\/div>\n\t\t<\/div>\n\t\t\t\t\t<\/div>\n\t\t<\/section>\n\t\t\t\t<\/div>\n\t\t\n    <div class=\"xs_social_share_widget xs_share_url after_content \t\tmain_content  wslu-style-1 wslu-share-box-shaped wslu-fill-colored wslu-none wslu-share-horizontal wslu-theme-font-no wslu-main_content\">\n\n\t\t\n        <ul>\n\t\t\t        <\/ul>\n    <\/div> \n","protected":false},"excerpt":{"rendered":"<p>sn\u00f8rydding og str\u00f8ing Holder du til p\u00e5 Oslo vest og \u00f8nsker tilbud p\u00e5 sn\u00f8rydding ogstr\u00f8ing? Vi tilbyr hyggelig priser og gode betingelser p\u00e5 v\u00e5reavtaler! Vi rykker ut s\u00e5 fort det er kommet 3 cm med sn\u00f8 og str\u00f8r s\u00e5fort det er behov!V\u00e5re arbeidsomr\u00e5der er: Holmen, Slemdal, Smestad, Holmenkollen,Voksenkollen, R\u00f8a, Vinderen og Ullern.Ta kontakt for befaring [&hellip;]<\/p>\n","protected":false},"author":1,"featured_media":0,"parent":0,"menu_order":0,"comment_status":"closed","ping_status":"closed","template":"","meta":{"postBodyCss":"","postBodyMargin":[],"postBodyPadding":[],"postBodyBackground":{"backgroundType":"classic","gradient":""},"footnotes":""},"class_list":["post-299","page","type-page","status-publish","hentry"],"_links":{"self":[{"href":"https:\/\/techglobal.no\/ra\/wp-json\/wp\/v2\/pages\/299","targetHints":{"allow":["GET"]}}],"collection":[{"href":"https:\/\/techglobal.no\/ra\/wp-json\/wp\/v2\/pages"}],"about":[{"href":"https:\/\/techglobal.no\/ra\/wp-json\/wp\/v2\/types\/page"}],"author":[{"embeddable":true,"href":"https:\/\/techglobal.no\/ra\/wp-json\/wp\/v2\/users\/1"}],"replies":[{"embeddable":true,"href":"https:\/\/techglobal.no\/ra\/wp-json\/wp\/v2\/comments?post=299"}],"version-history":[{"count":7,"href":"https:\/\/techglobal.no\/ra\/wp-json\/wp\/v2\/pages\/299\/revisions"}],"predecessor-version":[{"id":316,"href":"https:\/\/techglobal.no\/ra\/wp-json\/wp\/v2\/pages\/299\/revisions\/316"}],"wp:attachment":[{"href":"https:\/\/techglobal.no\/ra\/wp-json\/wp\/v2\/media?parent=299"}],"curies":[{"name":"wp","href":"https:\/\/api.w.org\/{rel}","templated":true}]}}