{"id":91,"date":"2026-02-06T03:55:50","date_gmt":"2026-02-06T03:55:50","guid":{"rendered":"https:\/\/techglobal.no\/ra\/?page_id=91"},"modified":"2026-02-06T13:03:16","modified_gmt":"2026-02-06T13:03:16","slug":"graving","status":"publish","type":"page","link":"https:\/\/techglobal.no\/ra\/graving\/","title":{"rendered":"Graving"},"content":{"rendered":"<style>.elementor-91 .elementor-element.elementor-element-39d094a9 > .elementor-container{max-width:1170px;}.elementor-91 .elementor-element.elementor-element-39d094a9:not(.elementor-motion-effects-element-type-background), .elementor-91 .elementor-element.elementor-element-39d094a9 > .elementor-motion-effects-container > .elementor-motion-effects-layer{background-color:var( --e-global-color-primary );}.elementor-91 .elementor-element.elementor-element-39d094a9{transition:background 0.3s, border 0.3s, border-radius 0.3s, box-shadow 0.3s;margin-top:-10px;margin-bottom:0px;padding:20px 0px 20px 0px;z-index:0;}.elementor-91 .elementor-element.elementor-element-39d094a9 > .elementor-background-overlay{transition:background 0.3s, border-radius 0.3s, opacity 0.3s;}.elementor-widget-heading .elementor-heading-title{font-family:var( --e-global-typography-primary-font-family ), Sans-serif;font-weight:var( --e-global-typography-primary-font-weight );color:var( --e-global-color-primary );}.elementor-91 .elementor-element.elementor-element-37e8d777{text-align:center;}.elementor-91 .elementor-element.elementor-element-37e8d777 .elementor-heading-title{font-family:\"IBM Plex Sans\", Sans-serif;font-size:36px;font-weight:600;text-transform:none;line-height:1.2em;color:var( --e-global-color-secondary );}.elementor-91 .elementor-element.elementor-element-1da3093c > .elementor-container{max-width:1170px;}.elementor-91 .elementor-element.elementor-element-1da3093c > .elementor-container > .elementor-column > .elementor-widget-wrap{align-content:center;align-items:center;}.elementor-91 .elementor-element.elementor-element-1da3093c{padding:20px 0px 50px 0px;}.elementor-91 .elementor-element.elementor-element-d41d4dc > .elementor-element-populated, .elementor-91 .elementor-element.elementor-element-d41d4dc > .elementor-element-populated > .elementor-background-overlay, .elementor-91 .elementor-element.elementor-element-d41d4dc > .elementor-background-slideshow{border-radius:10px 10px 10px 10px;}.elementor-91 .elementor-element.elementor-element-d41d4dc > .elementor-element-populated{box-shadow:0px 3px 15px 0px rgba(0, 0, 0, 0.1);margin:10px 0px 0px 10px;--e-column-margin-right:0px;--e-column-margin-left:10px;padding:0px 0px 0px 0px;}.elementor-widget-image .widget-image-caption{color:var( --e-global-color-text );font-family:var( --e-global-typography-text-font-family ), Sans-serif;font-weight:var( --e-global-typography-text-font-weight );}.elementor-91 .elementor-element.elementor-element-b965be5 img{height:400px;object-fit:cover;object-position:center center;}.elementor-bc-flex-widget .elementor-91 .elementor-element.elementor-element-4be9777.elementor-column .elementor-widget-wrap{align-items:flex-start;}.elementor-91 .elementor-element.elementor-element-4be9777.elementor-column.elementor-element[data-element_type=\"column\"] > .elementor-widget-wrap.elementor-element-populated{align-content:flex-start;align-items:flex-start;}.elementor-91 .elementor-element.elementor-element-4be9777 > .elementor-element-populated, .elementor-91 .elementor-element.elementor-element-4be9777 > .elementor-element-populated > .elementor-background-overlay, .elementor-91 .elementor-element.elementor-element-4be9777 > .elementor-background-slideshow{border-radius:10px 10px 10px 10px;}.elementor-91 .elementor-element.elementor-element-4be9777 > .elementor-element-populated{box-shadow:0px 3px 15px 0px rgba(0, 0, 0, 0.1);margin:10px 20px 0px 0px;--e-column-margin-right:20px;--e-column-margin-left:0px;padding:20px 20px 20px 20px;}.elementor-widget-text-editor{font-family:var( --e-global-typography-text-font-family ), Sans-serif;font-weight:var( --e-global-typography-text-font-weight );color:var( --e-global-color-text );}.elementor-widget-text-editor.elementor-drop-cap-view-stacked .elementor-drop-cap{background-color:var( --e-global-color-primary );}.elementor-widget-text-editor.elementor-drop-cap-view-framed .elementor-drop-cap, .elementor-widget-text-editor.elementor-drop-cap-view-default .elementor-drop-cap{color:var( --e-global-color-primary );border-color:var( --e-global-color-primary );}.elementor-91 .elementor-element.elementor-element-301f462{font-family:\"Heebo\", Sans-serif;font-size:16px;font-weight:700;line-height:1.5em;color:#050505;}@media(max-width:1024px){.elementor-91 .elementor-element.elementor-element-39d094a9{margin-top:0px;margin-bottom:0px;padding:210px 0px 140px 0px;}.elementor-91 .elementor-element.elementor-element-1da3093c{padding:80px 10px 60px 10px;}}@media(max-width:767px){.elementor-91 .elementor-element.elementor-element-39d094a9{margin-top:0px;margin-bottom:0px;padding:152px 10px 80px 10px;}.elementor-91 .elementor-element.elementor-element-37e8d777 .elementor-heading-title{font-size:24px;}.elementor-91 .elementor-element.elementor-element-1da3093c{padding:40px 10px 40px 10px;}.elementor-91 .elementor-element.elementor-element-301f462{font-size:14px;}}@media(min-width:768px){.elementor-91 .elementor-element.elementor-element-d41d4dc{width:40%;}.elementor-91 .elementor-element.elementor-element-4be9777{width:60%;}}@media(max-width:1024px) and (min-width:768px){.elementor-91 .elementor-element.elementor-element-d41d4dc{width:100%;}.elementor-91 .elementor-element.elementor-element-4be9777{width:100%;}}<\/style>\t\t<div data-elementor-type=\"wp-page\" data-elementor-id=\"91\" class=\"elementor elementor-91\">\n\t\t\t\t\t\t<section class=\"elementor-section elementor-top-section elementor-element elementor-element-39d094a9 elementor-section-boxed elementor-section-height-default elementor-section-height-default\" data-id=\"39d094a9\" data-element_type=\"section\" data-e-type=\"section\" data-settings=\"{&quot;background_background&quot;:&quot;classic&quot;}\">\n\t\t\t\t\t\t<div class=\"elementor-container elementor-column-gap-default\">\n\t\t\t\t\t<div class=\"elementor-column elementor-col-100 elementor-top-column elementor-element elementor-element-43d13e01\" data-id=\"43d13e01\" data-element_type=\"column\" data-e-type=\"column\">\n\t\t\t<div class=\"elementor-widget-wrap elementor-element-populated\">\n\t\t\t\t\t\t<div class=\"elementor-element elementor-element-37e8d777 elementor-widget elementor-widget-heading\" data-id=\"37e8d777\" data-element_type=\"widget\" data-e-type=\"widget\" data-widget_type=\"heading.default\">\n\t\t\t\t\t<h2 class=\"elementor-heading-title elementor-size-default\">Graving<\/h2>\t\t\t\t<\/div>\n\t\t\t\t\t<\/div>\n\t\t<\/div>\n\t\t\t\t\t<\/div>\n\t\t<\/section>\n\t\t\t\t<section class=\"elementor-section elementor-top-section elementor-element elementor-element-1da3093c elementor-section-content-middle elementor-section-boxed elementor-section-height-default elementor-section-height-default\" data-id=\"1da3093c\" data-element_type=\"section\" data-e-type=\"section\">\n\t\t\t\t\t\t<div class=\"elementor-container elementor-column-gap-default\">\n\t\t\t\t\t<div class=\"elementor-column elementor-col-50 elementor-top-column elementor-element elementor-element-d41d4dc\" data-id=\"d41d4dc\" data-element_type=\"column\" data-e-type=\"column\">\n\t\t\t<div class=\"elementor-widget-wrap elementor-element-populated\">\n\t\t\t\t\t\t<div class=\"elementor-element elementor-element-b965be5 elementor-widget elementor-widget-image\" data-id=\"b965be5\" data-element_type=\"widget\" data-e-type=\"widget\" data-widget_type=\"image.default\">\n\t\t\t\t\t\t\t\t\t\t\t\t\t\t\t<img fetchpriority=\"high\" decoding=\"async\" width=\"800\" height=\"500\" src=\"https:\/\/techglobal.no\/ra\/wp-content\/uploads\/2026\/02\/graving-1024x640.png\" class=\"attachment-large size-large wp-image-242\" alt=\"\" srcset=\"https:\/\/techglobal.no\/ra\/wp-content\/uploads\/2026\/02\/graving-1024x640.png 1024w, https:\/\/techglobal.no\/ra\/wp-content\/uploads\/2026\/02\/graving-300x188.png 300w, https:\/\/techglobal.no\/ra\/wp-content\/uploads\/2026\/02\/graving-768x480.png 768w, https:\/\/techglobal.no\/ra\/wp-content\/uploads\/2026\/02\/graving-1536x960.png 1536w, https:\/\/techglobal.no\/ra\/wp-content\/uploads\/2026\/02\/graving.png 1680w\" sizes=\"(max-width: 800px) 100vw, 800px\" \/>\t\t\t\t\t\t\t\t\t\t\t\t\t\t\t<\/div>\n\t\t\t\t\t<\/div>\n\t\t<\/div>\n\t\t\t\t<div class=\"elementor-column elementor-col-50 elementor-top-column elementor-element elementor-element-4be9777\" data-id=\"4be9777\" data-element_type=\"column\" data-e-type=\"column\">\n\t\t\t<div class=\"elementor-widget-wrap elementor-element-populated\">\n\t\t\t\t\t\t<div class=\"elementor-element elementor-element-301f462 elementor-widget elementor-widget-text-editor\" data-id=\"301f462\" data-element_type=\"widget\" data-e-type=\"widget\" data-widget_type=\"text-editor.default\">\n\t\t\t\t\t\t\t\t\t<p>Ra anlegg&amp;drift AS utf\u00f8rer gravearbeid for private, n\u00e6ring og offentlige akt\u00f8rer. Med moderne maskinpark og erfarne maskinf\u00f8rere leverer vi effektive og presise l\u00f8sninger \u2013 uansett st\u00f8rrelse p\u00e5 prosjektet.<\/p><p>Vi tar ansvar for hele prosessen, fra planlegging og grunnarbeid til ferdig resultat, og s\u00f8rger for trygge og ryddige arbeidsforholdunderveis.<\/p><p>V\u00e5re tjenester inkulderer<\/p><p>-Grunnarbeid for bygg og tilbygg<br \/>-Graving for vann, avl\u00f8p og drenering<br \/>-Tomtegraving og planering<br \/>-Kabel- og r\u00f8rgr\u00f8fter<br \/>-Masseutskifting og bortkj\u00f8ring<\/p>\t\t\t\t\t\t\t\t<\/div>\n\t\t\t\t\t<\/div>\n\t\t<\/div>\n\t\t\t\t\t<\/div>\n\t\t<\/section>\n\t\t\t\t<\/div>\n\t\t\n    <div class=\"xs_social_share_widget xs_share_url after_content \t\tmain_content  wslu-style-1 wslu-share-box-shaped wslu-fill-colored wslu-none wslu-share-horizontal wslu-theme-font-no wslu-main_content\">\n\n\t\t\n        <ul>\n\t\t\t        <\/ul>\n    <\/div> \n","protected":false},"excerpt":{"rendered":"<p>Graving Ra anlegg&amp;drift AS utf\u00f8rer gravearbeid for private, n\u00e6ring og offentlige akt\u00f8rer. Med moderne maskinpark og erfarne maskinf\u00f8rere leverer vi effektive og presise l\u00f8sninger \u2013 uansett st\u00f8rrelse p\u00e5 prosjektet. Vi tar ansvar for hele prosessen, fra planlegging og grunnarbeid til ferdig resultat, og s\u00f8rger for trygge og ryddige arbeidsforholdunderveis. V\u00e5re tjenester inkulderer -Grunnarbeid for bygg [&hellip;]<\/p>\n","protected":false},"author":1,"featured_media":0,"parent":0,"menu_order":0,"comment_status":"closed","ping_status":"closed","template":"","meta":{"postBodyCss":"","postBodyMargin":[],"postBodyPadding":[],"postBodyBackground":{"backgroundType":"classic","gradient":""},"footnotes":""},"class_list":["post-91","page","type-page","status-publish","hentry"],"_links":{"self":[{"href":"https:\/\/techglobal.no\/ra\/wp-json\/wp\/v2\/pages\/91","targetHints":{"allow":["GET"]}}],"collection":[{"href":"https:\/\/techglobal.no\/ra\/wp-json\/wp\/v2\/pages"}],"about":[{"href":"https:\/\/techglobal.no\/ra\/wp-json\/wp\/v2\/types\/page"}],"author":[{"embeddable":true,"href":"https:\/\/techglobal.no\/ra\/wp-json\/wp\/v2\/users\/1"}],"replies":[{"embeddable":true,"href":"https:\/\/techglobal.no\/ra\/wp-json\/wp\/v2\/comments?post=91"}],"version-history":[{"count":16,"href":"https:\/\/techglobal.no\/ra\/wp-json\/wp\/v2\/pages\/91\/revisions"}],"predecessor-version":[{"id":264,"href":"https:\/\/techglobal.no\/ra\/wp-json\/wp\/v2\/pages\/91\/revisions\/264"}],"wp:attachment":[{"href":"https:\/\/techglobal.no\/ra\/wp-json\/wp\/v2\/media?parent=91"}],"curies":[{"name":"wp","href":"https:\/\/api.w.org\/{rel}","templated":true}]}}