{"id":172,"date":"2026-03-26T14:53:05","date_gmt":"2026-03-26T14:53:05","guid":{"rendered":"https:\/\/techglobal.no\/roos\/?page_id=172"},"modified":"2026-03-26T14:53:47","modified_gmt":"2026-03-26T14:53:47","slug":"om-oss","status":"publish","type":"page","link":"https:\/\/techglobal.no\/roos\/om-oss\/","title":{"rendered":"Om oss"},"content":{"rendered":"\t\t<div data-elementor-type=\"wp-page\" data-elementor-id=\"172\" class=\"elementor elementor-172\" data-elementor-post-type=\"page\">\n\t\t\t\t\t\t<section class=\"elementor-section elementor-top-section elementor-element elementor-element-45871311 elementor-section-boxed elementor-section-height-default elementor-section-height-default\" data-id=\"45871311\" data-element_type=\"section\" data-e-type=\"section\" data-settings=\"{&quot;background_background&quot;:&quot;classic&quot;}\">\n\t\t\t\t\t\t<div class=\"elementor-container elementor-column-gap-default\">\n\t\t\t\t\t<div class=\"elementor-column elementor-col-100 elementor-top-column elementor-element elementor-element-2992788\" data-id=\"2992788\" data-element_type=\"column\" data-e-type=\"column\">\n\t\t\t<div class=\"elementor-widget-wrap elementor-element-populated\">\n\t\t\t\t\t\t<div class=\"elementor-element elementor-element-3286896b elementor-widget elementor-widget-heading\" data-id=\"3286896b\" data-element_type=\"widget\" data-e-type=\"widget\" data-widget_type=\"heading.default\">\n\t\t\t\t\t<h2 class=\"elementor-heading-title elementor-size-default\">Om oss<\/h2>\t\t\t\t<\/div>\n\t\t\t\t\t<\/div>\n\t\t<\/div>\n\t\t\t\t\t<\/div>\n\t\t<\/section>\n\t\t\t\t<section class=\"elementor-section elementor-top-section elementor-element elementor-element-4535732 elementor-section-content-middle elementor-section-boxed elementor-section-height-default elementor-section-height-default\" data-id=\"4535732\" data-element_type=\"section\" data-e-type=\"section\" data-settings=\"{&quot;background_background&quot;:&quot;classic&quot;}\">\n\t\t\t\t\t\t<div class=\"elementor-container elementor-column-gap-default\">\n\t\t\t\t\t<div class=\"elementor-column elementor-col-50 elementor-top-column elementor-element elementor-element-7cd8c415\" data-id=\"7cd8c415\" data-element_type=\"column\" data-e-type=\"column\" data-settings=\"{&quot;background_background&quot;:&quot;classic&quot;}\">\n\t\t\t<div class=\"elementor-widget-wrap\">\n\t\t\t\t\t\t\t<\/div>\n\t\t<\/div>\n\t\t\t\t<div class=\"elementor-column elementor-col-50 elementor-top-column elementor-element elementor-element-2b787829\" data-id=\"2b787829\" data-element_type=\"column\" data-e-type=\"column\">\n\t\t\t<div class=\"elementor-widget-wrap elementor-element-populated\">\n\t\t\t\t\t\t<div class=\"elementor-element elementor-element-515b9dfc elementor-widget elementor-widget-text-editor\" data-id=\"515b9dfc\" data-element_type=\"widget\" data-e-type=\"widget\" data-widget_type=\"text-editor.default\">\n\t\t\t\t\t\t\t\t\t<p><strong>Consulting S. Roos er et erfarent h\u00e5ndverksfirma med over 20 \u00e5rs erfaring innen taktekking, malerarbeid og murertjenester. Vi leverer solide h\u00e5ndverkstjenester til b\u00e5de private boliger, borettslag og bedrifter i Sarpsborg og omr\u00e5dene rundt. Vi har erfaring, fagkunnskap og et sterkt fokus p\u00e5 kvalitet i alle ledd. Vi bruker kun gode produkter og riktige teknikker for \u00e5 sikre et pent og holdbart resultat \u2013 tilpasset norske forhold. Hos oss f\u00e5r du p\u00e5litelig service, tydelig kommunikasjon og arbeid levert til avtalt tid.<\/strong><\/p><p><strong>Vi tar oppdrag i Sarpsborg, Fredrikstad, Halden, Moss, R\u00e5de, Rygge og resten av \u00d8stfold, samt Vestfold og Oslo. Med lang erfaring i bransjen vet vi hvor viktig det er med kvalitet, presisjon og arbeid som t\u00e5ler det norske klimaet.<\/strong><\/p><p><strong>Hos Consulting S. Roos f\u00e5r du en h\u00e5ndverker med fokus p\u00e5 p\u00e5litelig arbeid, gode materialer og forn\u00f8yde kunder. Vi leverer arbeid du kan stole p\u00e5 \u2013 til avtalt tid og pris.<\/strong><\/p>\t\t\t\t\t\t\t\t<\/div>\n\t\t\t\t\t<\/div>\n\t\t<\/div>\n\t\t\t\t\t<\/div>\n\t\t<\/section>\n\t\t\t\t<\/div>\n\t\t","protected":false},"excerpt":{"rendered":"<p>Om oss Consulting S. Roos er et erfarent h\u00e5ndverksfirma med over 20 \u00e5rs erfaring innen taktekking, malerarbeid og murertjenester. Vi leverer solide h\u00e5ndverkstjenester til b\u00e5de private boliger, borettslag og bedrifter i Sarpsborg og omr\u00e5dene rundt. Vi har erfaring, fagkunnskap og et sterkt fokus p\u00e5 kvalitet i alle ledd. Vi bruker kun gode produkter og riktige [&hellip;]<\/p>\n","protected":false},"author":1,"featured_media":0,"parent":0,"menu_order":0,"comment_status":"closed","ping_status":"closed","template":"","meta":{"footnotes":""},"class_list":["post-172","page","type-page","status-publish","hentry"],"_links":{"self":[{"href":"https:\/\/techglobal.no\/roos\/wp-json\/wp\/v2\/pages\/172","targetHints":{"allow":["GET"]}}],"collection":[{"href":"https:\/\/techglobal.no\/roos\/wp-json\/wp\/v2\/pages"}],"about":[{"href":"https:\/\/techglobal.no\/roos\/wp-json\/wp\/v2\/types\/page"}],"author":[{"embeddable":true,"href":"https:\/\/techglobal.no\/roos\/wp-json\/wp\/v2\/users\/1"}],"replies":[{"embeddable":true,"href":"https:\/\/techglobal.no\/roos\/wp-json\/wp\/v2\/comments?post=172"}],"version-history":[{"count":4,"href":"https:\/\/techglobal.no\/roos\/wp-json\/wp\/v2\/pages\/172\/revisions"}],"predecessor-version":[{"id":176,"href":"https:\/\/techglobal.no\/roos\/wp-json\/wp\/v2\/pages\/172\/revisions\/176"}],"wp:attachment":[{"href":"https:\/\/techglobal.no\/roos\/wp-json\/wp\/v2\/media?parent=172"}],"curies":[{"name":"wp","href":"https:\/\/api.w.org\/{rel}","templated":true}]}}