{"id":76,"date":"2026-03-19T17:05:16","date_gmt":"2026-03-19T17:05:16","guid":{"rendered":"https:\/\/techglobal.no\/roos\/?page_id=76"},"modified":"2026-03-19T17:08:19","modified_gmt":"2026-03-19T17:08:19","slug":"taktekking-og-takreparasjoner","status":"publish","type":"page","link":"https:\/\/techglobal.no\/roos\/taktekking-og-takreparasjoner\/","title":{"rendered":"Taktekking og takreparasjoner"},"content":{"rendered":"\t\t<div data-elementor-type=\"wp-page\" data-elementor-id=\"76\" class=\"elementor elementor-76\" data-elementor-post-type=\"page\">\n\t\t\t\t\t\t<section class=\"elementor-section elementor-top-section elementor-element elementor-element-719d6471 elementor-section-boxed elementor-section-height-default elementor-section-height-default\" data-id=\"719d6471\" data-element_type=\"section\" data-e-type=\"section\" data-settings=\"{&quot;background_background&quot;:&quot;classic&quot;}\">\n\t\t\t\t\t\t<div class=\"elementor-container elementor-column-gap-default\">\n\t\t\t\t\t<div class=\"elementor-column elementor-col-100 elementor-top-column elementor-element elementor-element-5f780a2f\" data-id=\"5f780a2f\" data-element_type=\"column\" data-e-type=\"column\">\n\t\t\t<div class=\"elementor-widget-wrap elementor-element-populated\">\n\t\t\t\t\t\t<div class=\"elementor-element elementor-element-4ede2bee elementor-widget elementor-widget-heading\" data-id=\"4ede2bee\" data-element_type=\"widget\" data-e-type=\"widget\" data-widget_type=\"heading.default\">\n\t\t\t\t\t<h2 class=\"elementor-heading-title elementor-size-default\">Taktekking og takreparasjoner<\/h2>\t\t\t\t<\/div>\n\t\t\t\t\t<\/div>\n\t\t<\/div>\n\t\t\t\t\t<\/div>\n\t\t<\/section>\n\t\t\t\t<section class=\"elementor-section elementor-top-section elementor-element elementor-element-602a0c23 elementor-section-content-middle elementor-section-boxed elementor-section-height-default elementor-section-height-default\" data-id=\"602a0c23\" data-element_type=\"section\" data-e-type=\"section\" data-settings=\"{&quot;background_background&quot;:&quot;classic&quot;}\">\n\t\t\t\t\t\t<div class=\"elementor-container elementor-column-gap-default\">\n\t\t\t\t\t<div class=\"elementor-column elementor-col-50 elementor-top-column elementor-element elementor-element-32592f13\" data-id=\"32592f13\" data-element_type=\"column\" data-e-type=\"column\" data-settings=\"{&quot;background_background&quot;:&quot;classic&quot;}\">\n\t\t\t<div class=\"elementor-widget-wrap\">\n\t\t\t\t\t\t\t<\/div>\n\t\t<\/div>\n\t\t\t\t<div class=\"elementor-column elementor-col-50 elementor-top-column elementor-element elementor-element-445a686e\" data-id=\"445a686e\" data-element_type=\"column\" data-e-type=\"column\">\n\t\t\t<div class=\"elementor-widget-wrap elementor-element-populated\">\n\t\t\t\t\t\t<div class=\"elementor-element elementor-element-1351c09c elementor-widget elementor-widget-text-editor\" data-id=\"1351c09c\" data-element_type=\"widget\" data-e-type=\"widget\" data-widget_type=\"text-editor.default\">\n\t\t\t\t\t\t\t\t\t<p>Consulting S.Roos tilbyr profesjonelle tjenester innen taktekking og takreparasjoner for b\u00e5de private boliger og n\u00e6ringsbygg. Med solid erfaring og fokus p\u00e5 kvalitet s\u00f8rger vi for trygge, holdbare og estetiske l\u00f8sninger tilpasset norske v\u00e6rforhold.<\/p><p><strong>V\u00e5re tjenester inkluderer:<\/strong><\/p><ul><li>Legging av nye tak (takstein, shingel, membran, blikk m.m.)<\/li><li>Reparasjon av lekkasjer og skader<\/li><li>Skifte av takrenner og beslag<\/li><li>Inspeksjon og vedlikehold av tak<\/li><li>Etterisolering og oppgradering av eksisterende tak<\/li><\/ul><p><strong>Trygt og solid tak over hodet<\/strong><br \/>Et godt tak er avgj\u00f8rende for \u00e5 beskytte bygget ditt mot v\u00e6r og vind. Enten du trenger en mindre reparasjon eller komplett takomlegging, st\u00e5r vi klare til \u00e5 hjelpe deg.<\/p><p><strong>Ta kontakt i dag<\/strong><br \/>\u00d8nsker du befaring eller et uforpliktende tilbud? Kontakt oss i dag for en hyggelig prat om ditt prosjekt.<\/p>\t\t\t\t\t\t\t\t<\/div>\n\t\t\t\t\t<\/div>\n\t\t<\/div>\n\t\t\t\t\t<\/div>\n\t\t<\/section>\n\t\t\t\t<\/div>\n\t\t","protected":false},"excerpt":{"rendered":"<p>Taktekking og takreparasjoner Consulting S.Roos tilbyr profesjonelle tjenester innen taktekking og takreparasjoner for b\u00e5de private boliger og n\u00e6ringsbygg. Med solid erfaring og fokus p\u00e5 kvalitet s\u00f8rger vi for trygge, holdbare og estetiske l\u00f8sninger tilpasset norske v\u00e6rforhold. V\u00e5re tjenester inkluderer: Legging av nye tak (takstein, shingel, membran, blikk m.m.) Reparasjon av lekkasjer og skader Skifte av [&hellip;]<\/p>\n","protected":false},"author":1,"featured_media":0,"parent":0,"menu_order":0,"comment_status":"closed","ping_status":"closed","template":"","meta":{"footnotes":""},"class_list":["post-76","page","type-page","status-publish","hentry"],"_links":{"self":[{"href":"https:\/\/techglobal.no\/roos\/wp-json\/wp\/v2\/pages\/76","targetHints":{"allow":["GET"]}}],"collection":[{"href":"https:\/\/techglobal.no\/roos\/wp-json\/wp\/v2\/pages"}],"about":[{"href":"https:\/\/techglobal.no\/roos\/wp-json\/wp\/v2\/types\/page"}],"author":[{"embeddable":true,"href":"https:\/\/techglobal.no\/roos\/wp-json\/wp\/v2\/users\/1"}],"replies":[{"embeddable":true,"href":"https:\/\/techglobal.no\/roos\/wp-json\/wp\/v2\/comments?post=76"}],"version-history":[{"count":7,"href":"https:\/\/techglobal.no\/roos\/wp-json\/wp\/v2\/pages\/76\/revisions"}],"predecessor-version":[{"id":85,"href":"https:\/\/techglobal.no\/roos\/wp-json\/wp\/v2\/pages\/76\/revisions\/85"}],"wp:attachment":[{"href":"https:\/\/techglobal.no\/roos\/wp-json\/wp\/v2\/media?parent=76"}],"curies":[{"name":"wp","href":"https:\/\/api.w.org\/{rel}","templated":true}]}}