{"id":86,"date":"2026-03-19T17:08:42","date_gmt":"2026-03-19T17:08:42","guid":{"rendered":"https:\/\/techglobal.no\/roos\/?page_id=86"},"modified":"2026-03-19T17:10:14","modified_gmt":"2026-03-19T17:10:14","slug":"innvendig-og-utvendig-malertjenester","status":"publish","type":"page","link":"https:\/\/techglobal.no\/roos\/innvendig-og-utvendig-malertjenester\/","title":{"rendered":"Innvendig og utvendig malertjenester"},"content":{"rendered":"\t\t<div data-elementor-type=\"wp-page\" data-elementor-id=\"86\" class=\"elementor elementor-86\" data-elementor-post-type=\"page\">\n\t\t\t\t\t\t<section class=\"elementor-section elementor-top-section elementor-element elementor-element-573120cf elementor-section-boxed elementor-section-height-default elementor-section-height-default\" data-id=\"573120cf\" data-element_type=\"section\" data-e-type=\"section\" data-settings=\"{&quot;background_background&quot;:&quot;classic&quot;}\">\n\t\t\t\t\t\t<div class=\"elementor-container elementor-column-gap-default\">\n\t\t\t\t\t<div class=\"elementor-column elementor-col-100 elementor-top-column elementor-element elementor-element-2bf34972\" data-id=\"2bf34972\" data-element_type=\"column\" data-e-type=\"column\">\n\t\t\t<div class=\"elementor-widget-wrap elementor-element-populated\">\n\t\t\t\t\t\t<div class=\"elementor-element elementor-element-46824f4a elementor-widget elementor-widget-heading\" data-id=\"46824f4a\" data-element_type=\"widget\" data-e-type=\"widget\" data-widget_type=\"heading.default\">\n\t\t\t\t\t<h2 class=\"elementor-heading-title elementor-size-default\">Innvendig og utvendig malertjenester\n<\/h2>\t\t\t\t<\/div>\n\t\t\t\t\t<\/div>\n\t\t<\/div>\n\t\t\t\t\t<\/div>\n\t\t<\/section>\n\t\t\t\t<section class=\"elementor-section elementor-top-section elementor-element elementor-element-1baaa816 elementor-section-content-middle elementor-section-boxed elementor-section-height-default elementor-section-height-default\" data-id=\"1baaa816\" data-element_type=\"section\" data-e-type=\"section\" data-settings=\"{&quot;background_background&quot;:&quot;classic&quot;}\">\n\t\t\t\t\t\t<div class=\"elementor-container elementor-column-gap-default\">\n\t\t\t\t\t<div class=\"elementor-column elementor-col-50 elementor-top-column elementor-element elementor-element-d1ccbe0\" data-id=\"d1ccbe0\" data-element_type=\"column\" data-e-type=\"column\" data-settings=\"{&quot;background_background&quot;:&quot;classic&quot;}\">\n\t\t\t<div class=\"elementor-widget-wrap\">\n\t\t\t\t\t\t\t<\/div>\n\t\t<\/div>\n\t\t\t\t<div class=\"elementor-column elementor-col-50 elementor-top-column elementor-element elementor-element-1dd79fd0\" data-id=\"1dd79fd0\" data-element_type=\"column\" data-e-type=\"column\">\n\t\t\t<div class=\"elementor-widget-wrap elementor-element-populated\">\n\t\t\t\t\t\t<div class=\"elementor-element elementor-element-235e2814 elementor-widget elementor-widget-text-editor\" data-id=\"235e2814\" data-element_type=\"widget\" data-e-type=\"widget\" data-widget_type=\"text-editor.default\">\n\t\t\t\t\t\t\t\t\t<p>Consulting S.Roos tilbyr profesjonelle malertjenester for b\u00e5de innvendige og utvendige prosjekter. Med riktig maling og utf\u00f8relse kan du forvandle b\u00e5de interi\u00f8r og eksteri\u00f8r. Vi hjelper deg med \u00e5 skape et resultat du vil v\u00e6re forn\u00f8yd med i mange \u00e5r fremover. Enten du \u00f8nsker \u00e5 fornye hjemmet ditt eller gi fasaden et nytt liv, leverer vi kvalitetsarbeid med fokus p\u00e5 detaljer og varige resultater.<\/p><p><strong>V\u00e5re tjenester inkluderer:<\/strong><\/p><ul><li>Innvendig maling av vegger, tak og lister<\/li><li>Sparkling og forarbeid for et jevnt og perfekt resultat<\/li><li>Utvendig maling av hus, fasader og detaljer<\/li><li>Beising og behandling av treverk<\/li><li>Fasadevask og klargj\u00f8ring f\u00f8r maling<\/li><li>Fargeveiledning og r\u00e5dgivning<\/li><\/ul><p><strong>Ta kontakt i dag<\/strong><br \/>\u00d8nsker du befaring eller et uforpliktende tilbud? Ta kontakt med oss \u2013 vi hjelper deg gjerne med ditt neste maleprosjekt.<\/p>\t\t\t\t\t\t\t\t<\/div>\n\t\t\t\t\t<\/div>\n\t\t<\/div>\n\t\t\t\t\t<\/div>\n\t\t<\/section>\n\t\t\t\t<\/div>\n\t\t","protected":false},"excerpt":{"rendered":"<p>Innvendig og utvendig malertjenester Consulting S.Roos tilbyr profesjonelle malertjenester for b\u00e5de innvendige og utvendige prosjekter. Med riktig maling og utf\u00f8relse kan du forvandle b\u00e5de interi\u00f8r og eksteri\u00f8r. Vi hjelper deg med \u00e5 skape et resultat du vil v\u00e6re forn\u00f8yd med i mange \u00e5r fremover. Enten du \u00f8nsker \u00e5 fornye hjemmet ditt eller gi fasaden et [&hellip;]<\/p>\n","protected":false},"author":1,"featured_media":0,"parent":0,"menu_order":0,"comment_status":"closed","ping_status":"closed","template":"","meta":{"footnotes":""},"class_list":["post-86","page","type-page","status-publish","hentry"],"_links":{"self":[{"href":"https:\/\/techglobal.no\/roos\/wp-json\/wp\/v2\/pages\/86","targetHints":{"allow":["GET"]}}],"collection":[{"href":"https:\/\/techglobal.no\/roos\/wp-json\/wp\/v2\/pages"}],"about":[{"href":"https:\/\/techglobal.no\/roos\/wp-json\/wp\/v2\/types\/page"}],"author":[{"embeddable":true,"href":"https:\/\/techglobal.no\/roos\/wp-json\/wp\/v2\/users\/1"}],"replies":[{"embeddable":true,"href":"https:\/\/techglobal.no\/roos\/wp-json\/wp\/v2\/comments?post=86"}],"version-history":[{"count":4,"href":"https:\/\/techglobal.no\/roos\/wp-json\/wp\/v2\/pages\/86\/revisions"}],"predecessor-version":[{"id":90,"href":"https:\/\/techglobal.no\/roos\/wp-json\/wp\/v2\/pages\/86\/revisions\/90"}],"wp:attachment":[{"href":"https:\/\/techglobal.no\/roos\/wp-json\/wp\/v2\/media?parent=86"}],"curies":[{"name":"wp","href":"https:\/\/api.w.org\/{rel}","templated":true}]}}