{"id":91,"date":"2026-03-19T17:10:37","date_gmt":"2026-03-19T17:10:37","guid":{"rendered":"https:\/\/techglobal.no\/roos\/?page_id=91"},"modified":"2026-03-19T17:11:24","modified_gmt":"2026-03-19T17:11:24","slug":"mur-og-fasadearbeid-2","status":"publish","type":"page","link":"https:\/\/techglobal.no\/roos\/mur-og-fasadearbeid-2\/","title":{"rendered":"Mur- og fasadearbeid"},"content":{"rendered":"\t\t<div data-elementor-type=\"wp-page\" data-elementor-id=\"91\" class=\"elementor elementor-91\" data-elementor-post-type=\"page\">\n\t\t\t\t\t\t<section class=\"elementor-section elementor-top-section elementor-element elementor-element-122a69fc elementor-section-boxed elementor-section-height-default elementor-section-height-default\" data-id=\"122a69fc\" data-element_type=\"section\" data-e-type=\"section\" data-settings=\"{&quot;background_background&quot;:&quot;classic&quot;}\">\n\t\t\t\t\t\t<div class=\"elementor-container elementor-column-gap-default\">\n\t\t\t\t\t<div class=\"elementor-column elementor-col-100 elementor-top-column elementor-element elementor-element-53e6187b\" data-id=\"53e6187b\" data-element_type=\"column\" data-e-type=\"column\">\n\t\t\t<div class=\"elementor-widget-wrap elementor-element-populated\">\n\t\t\t\t\t\t<div class=\"elementor-element elementor-element-729d088d elementor-widget elementor-widget-heading\" data-id=\"729d088d\" data-element_type=\"widget\" data-e-type=\"widget\" data-widget_type=\"heading.default\">\n\t\t\t\t\t<h2 class=\"elementor-heading-title elementor-size-default\">Mur- og fasadearbeid<\/h2>\t\t\t\t<\/div>\n\t\t\t\t\t<\/div>\n\t\t<\/div>\n\t\t\t\t\t<\/div>\n\t\t<\/section>\n\t\t\t\t<section class=\"elementor-section elementor-top-section elementor-element elementor-element-650cab05 elementor-section-content-middle elementor-section-boxed elementor-section-height-default elementor-section-height-default\" data-id=\"650cab05\" data-element_type=\"section\" data-e-type=\"section\" data-settings=\"{&quot;background_background&quot;:&quot;classic&quot;}\">\n\t\t\t\t\t\t<div class=\"elementor-container elementor-column-gap-default\">\n\t\t\t\t\t<div class=\"elementor-column elementor-col-50 elementor-top-column elementor-element elementor-element-3979df3b\" data-id=\"3979df3b\" data-element_type=\"column\" data-e-type=\"column\" data-settings=\"{&quot;background_background&quot;:&quot;classic&quot;}\">\n\t\t\t<div class=\"elementor-widget-wrap\">\n\t\t\t\t\t\t\t<\/div>\n\t\t<\/div>\n\t\t\t\t<div class=\"elementor-column elementor-col-50 elementor-top-column elementor-element elementor-element-1ec3835\" data-id=\"1ec3835\" data-element_type=\"column\" data-e-type=\"column\">\n\t\t\t<div class=\"elementor-widget-wrap elementor-element-populated\">\n\t\t\t\t\t\t<div class=\"elementor-element elementor-element-92de9fc elementor-widget elementor-widget-text-editor\" data-id=\"92de9fc\" data-element_type=\"widget\" data-e-type=\"widget\" data-widget_type=\"text-editor.default\">\n\t\t\t\t\t\t\t\t\t<p>Consulting S.Roos tilbyr solide og profesjonelle tjenester innen mur- og fasadearbeid for b\u00e5de private boliger og n\u00e6ringsbygg. Med fokus p\u00e5 kvalitet, detaljer og holdbare l\u00f8sninger s\u00f8rger vi for at bygget ditt f\u00e5r et pent og varig resultat. En godt vedlikeholdt fasade gir ikke bare et bedre utseende, men beskytter ogs\u00e5 bygget mot fukt og slitasje. Vi hjelper deg med \u00e5 bevare og forbedre eiendommen din.<\/p><p><strong>V\u00e5re tjenester inkluderer:<\/strong><\/p><ul><li>Pussing og rehabilitering av fasader<\/li><li>Murarbeid (grunnmur, st\u00f8ttemur, muring av vegger)<\/li><li>Reparasjon av sprekker og skader<\/li><li>Etterisolering og oppgradering av fasade<\/li><li>Montering av fasadeplater og kledning<\/li><li>Fasadevask og vedlikehold<\/li><\/ul><p><strong>Ta kontakt i dag<\/strong><br \/>\u00d8nsker du befaring eller et uforpliktende tilbud? Ta kontakt med oss \u2013 vi st\u00e5r klare til \u00e5 hjelpe deg.<\/p>\t\t\t\t\t\t\t\t<\/div>\n\t\t\t\t\t<\/div>\n\t\t<\/div>\n\t\t\t\t\t<\/div>\n\t\t<\/section>\n\t\t\t\t<\/div>\n\t\t","protected":false},"excerpt":{"rendered":"<p>Mur- og fasadearbeid Consulting S.Roos tilbyr solide og profesjonelle tjenester innen mur- og fasadearbeid for b\u00e5de private boliger og n\u00e6ringsbygg. Med fokus p\u00e5 kvalitet, detaljer og holdbare l\u00f8sninger s\u00f8rger vi for at bygget ditt f\u00e5r et pent og varig resultat. En godt vedlikeholdt fasade gir ikke bare et bedre utseende, men beskytter ogs\u00e5 bygget mot [&hellip;]<\/p>\n","protected":false},"author":1,"featured_media":0,"parent":0,"menu_order":0,"comment_status":"closed","ping_status":"closed","template":"","meta":{"footnotes":""},"class_list":["post-91","page","type-page","status-publish","hentry"],"_links":{"self":[{"href":"https:\/\/techglobal.no\/roos\/wp-json\/wp\/v2\/pages\/91","targetHints":{"allow":["GET"]}}],"collection":[{"href":"https:\/\/techglobal.no\/roos\/wp-json\/wp\/v2\/pages"}],"about":[{"href":"https:\/\/techglobal.no\/roos\/wp-json\/wp\/v2\/types\/page"}],"author":[{"embeddable":true,"href":"https:\/\/techglobal.no\/roos\/wp-json\/wp\/v2\/users\/1"}],"replies":[{"embeddable":true,"href":"https:\/\/techglobal.no\/roos\/wp-json\/wp\/v2\/comments?post=91"}],"version-history":[{"count":4,"href":"https:\/\/techglobal.no\/roos\/wp-json\/wp\/v2\/pages\/91\/revisions"}],"predecessor-version":[{"id":95,"href":"https:\/\/techglobal.no\/roos\/wp-json\/wp\/v2\/pages\/91\/revisions\/95"}],"wp:attachment":[{"href":"https:\/\/techglobal.no\/roos\/wp-json\/wp\/v2\/media?parent=91"}],"curies":[{"name":"wp","href":"https:\/\/api.w.org\/{rel}","templated":true}]}}