{"id":96,"date":"2026-03-19T17:12:01","date_gmt":"2026-03-19T17:12:01","guid":{"rendered":"https:\/\/techglobal.no\/roos\/?page_id=96"},"modified":"2026-03-19T17:12:52","modified_gmt":"2026-03-19T17:12:52","slug":"vedlikehold-og-oppussing-av-bolig","status":"publish","type":"page","link":"https:\/\/techglobal.no\/roos\/vedlikehold-og-oppussing-av-bolig\/","title":{"rendered":"Vedlikehold og oppussing av bolig"},"content":{"rendered":"\t\t<div data-elementor-type=\"wp-page\" data-elementor-id=\"96\" class=\"elementor elementor-96\" data-elementor-post-type=\"page\">\n\t\t\t\t\t\t<section class=\"elementor-section elementor-top-section elementor-element elementor-element-6e192923 elementor-section-boxed elementor-section-height-default elementor-section-height-default\" data-id=\"6e192923\" data-element_type=\"section\" data-e-type=\"section\" data-settings=\"{&quot;background_background&quot;:&quot;classic&quot;}\">\n\t\t\t\t\t\t<div class=\"elementor-container elementor-column-gap-default\">\n\t\t\t\t\t<div class=\"elementor-column elementor-col-100 elementor-top-column elementor-element elementor-element-12b339f2\" data-id=\"12b339f2\" data-element_type=\"column\" data-e-type=\"column\">\n\t\t\t<div class=\"elementor-widget-wrap elementor-element-populated\">\n\t\t\t\t\t\t<div class=\"elementor-element elementor-element-3bec649f elementor-widget elementor-widget-heading\" data-id=\"3bec649f\" data-element_type=\"widget\" data-e-type=\"widget\" data-widget_type=\"heading.default\">\n\t\t\t\t\t<h2 class=\"elementor-heading-title elementor-size-default\">Vedlikehold og oppussing av bolig<\/h2>\t\t\t\t<\/div>\n\t\t\t\t\t<\/div>\n\t\t<\/div>\n\t\t\t\t\t<\/div>\n\t\t<\/section>\n\t\t\t\t<section class=\"elementor-section elementor-top-section elementor-element elementor-element-67b0e387 elementor-section-content-middle elementor-section-boxed elementor-section-height-default elementor-section-height-default\" data-id=\"67b0e387\" data-element_type=\"section\" data-e-type=\"section\" data-settings=\"{&quot;background_background&quot;:&quot;classic&quot;}\">\n\t\t\t\t\t\t<div class=\"elementor-container elementor-column-gap-default\">\n\t\t\t\t\t<div class=\"elementor-column elementor-col-50 elementor-top-column elementor-element elementor-element-1b1499c0\" data-id=\"1b1499c0\" data-element_type=\"column\" data-e-type=\"column\" data-settings=\"{&quot;background_background&quot;:&quot;classic&quot;}\">\n\t\t\t<div class=\"elementor-widget-wrap\">\n\t\t\t\t\t\t\t<\/div>\n\t\t<\/div>\n\t\t\t\t<div class=\"elementor-column elementor-col-50 elementor-top-column elementor-element elementor-element-5f9262ff\" data-id=\"5f9262ff\" data-element_type=\"column\" data-e-type=\"column\">\n\t\t\t<div class=\"elementor-widget-wrap elementor-element-populated\">\n\t\t\t\t\t\t<div class=\"elementor-element elementor-element-392bdbb3 elementor-widget elementor-widget-text-editor\" data-id=\"392bdbb3\" data-element_type=\"widget\" data-e-type=\"widget\" data-widget_type=\"text-editor.default\">\n\t\t\t\t\t\t\t\t\t<p>Consulting S.Roos tilbyr komplette tjenester innen vedlikehold og oppussing av bolig, tilpasset dine behov og \u00f8nsker. Enten du planlegger en mindre oppgradering eller en st\u00f8rre renovering, s\u00f8rger vi for et profesjonelt resultat med h\u00f8y kvalitet. Oppussing handler ikke bare om utseende \u2013 det handler om funksjonalitet, komfort og verdi. Vi hjelper deg med \u00e5 realisere dine ideer og skape et hjem som passer din livsstil.<\/p><p><strong>V\u00e5re tjenester inkluderer:<\/strong><\/p><ul><li>Innvendig oppussing av rom og overflater<\/li><li>Oppgradering av kj\u00f8kken og bad<\/li><li>Gulvlegging og utskifting av d\u00f8rer og vinduer<\/li><li>Sparkling, maling og overflatebehandling<\/li><li>Mindre snekkerarbeid og tilpasninger<\/li><li>Generelt vedlikehold av bolig<\/li><\/ul><p><strong>Ta kontakt i dag<\/strong><br \/>\u00d8nsker du befaring eller et uforpliktende tilbud? Ta kontakt med oss \u2013 vi hjelper deg gjerne med ditt oppussingsprosjekt.<\/p>\t\t\t\t\t\t\t\t<\/div>\n\t\t\t\t\t<\/div>\n\t\t<\/div>\n\t\t\t\t\t<\/div>\n\t\t<\/section>\n\t\t\t\t<\/div>\n\t\t","protected":false},"excerpt":{"rendered":"<p>Vedlikehold og oppussing av bolig Consulting S.Roos tilbyr komplette tjenester innen vedlikehold og oppussing av bolig, tilpasset dine behov og \u00f8nsker. Enten du planlegger en mindre oppgradering eller en st\u00f8rre renovering, s\u00f8rger vi for et profesjonelt resultat med h\u00f8y kvalitet. Oppussing handler ikke bare om utseende \u2013 det handler om funksjonalitet, komfort og verdi. Vi [&hellip;]<\/p>\n","protected":false},"author":1,"featured_media":0,"parent":0,"menu_order":0,"comment_status":"closed","ping_status":"closed","template":"","meta":{"footnotes":""},"class_list":["post-96","page","type-page","status-publish","hentry"],"_links":{"self":[{"href":"https:\/\/techglobal.no\/roos\/wp-json\/wp\/v2\/pages\/96","targetHints":{"allow":["GET"]}}],"collection":[{"href":"https:\/\/techglobal.no\/roos\/wp-json\/wp\/v2\/pages"}],"about":[{"href":"https:\/\/techglobal.no\/roos\/wp-json\/wp\/v2\/types\/page"}],"author":[{"embeddable":true,"href":"https:\/\/techglobal.no\/roos\/wp-json\/wp\/v2\/users\/1"}],"replies":[{"embeddable":true,"href":"https:\/\/techglobal.no\/roos\/wp-json\/wp\/v2\/comments?post=96"}],"version-history":[{"count":4,"href":"https:\/\/techglobal.no\/roos\/wp-json\/wp\/v2\/pages\/96\/revisions"}],"predecessor-version":[{"id":100,"href":"https:\/\/techglobal.no\/roos\/wp-json\/wp\/v2\/pages\/96\/revisions\/100"}],"wp:attachment":[{"href":"https:\/\/techglobal.no\/roos\/wp-json\/wp\/v2\/media?parent=96"}],"curies":[{"name":"wp","href":"https:\/\/api.w.org\/{rel}","templated":true}]}}